{"id":1731,"date":"2024-07-25T12:55:26","date_gmt":"2024-07-25T12:55:26","guid":{"rendered":"https:\/\/www.kakuke.eu\/?page_id=1731"},"modified":"2026-01-19T13:42:32","modified_gmt":"2026-01-19T13:42:32","slug":"seminarid-ja-koosolekud","status":"publish","type":"page","link":"https:\/\/www.kakuke.eu\/en\/seminarid-ja-koosolekud\/","title":{"rendered":"seminarid ja koosolekud"},"content":{"rendered":"<div data-elementor-type=\"wp-page\" data-elementor-id=\"1731\" class=\"elementor elementor-1731\">\n\t\t\t\t\t\t<section class=\"elementor-section elementor-top-section elementor-element elementor-element-810f32f elementor-section-boxed elementor-section-height-default elementor-section-height-default\" data-id=\"810f32f\" data-element_type=\"section\" data-e-type=\"section\">\n\t\t\t\t\t\t<div class=\"elementor-container elementor-column-gap-default\">\n\t\t\t\t\t<div class=\"elementor-column elementor-col-50 elementor-top-column elementor-element elementor-element-8088f7f\" data-id=\"8088f7f\" data-element_type=\"column\" data-e-type=\"column\">\n\t\t\t<div class=\"elementor-widget-wrap elementor-element-populated\">\n\t\t\t\t\t\t<div class=\"elementor-element elementor-element-a893ab4 elementor-widget elementor-widget-text-editor\" data-id=\"a893ab4\" data-element_type=\"widget\" data-e-type=\"widget\" data-widget_type=\"text-editor.default\">\n\t\t\t\t<div class=\"elementor-widget-container\">\n\t\t\t\t\t\t\t\t\t<p data-start=\"157\" data-end=\"316\">Siit leiad inspireerivaid ja valgusk\u00fcllased ruumid seminaride, koosolekute ja t\u00f6\u00f6tubade korraldamiseks looduskaunis m\u00f5isapargis.<\/p><p data-start=\"318\" data-end=\"522\">Ruume on v\u00f5imalik rentida ka <strong data-start=\"347\" data-end=\"371\">tunnip\u00f5hiselt<\/strong>, ilma kunstikursuse v\u00f5i meeskonnaprogrammita. Soovi korral pakume juurde <strong data-start=\"445\" data-end=\"486\">kohvipause, suupisteid ja toitlustust<\/strong> vastavalt teie s\u00fcndmuse iseloomule.<\/p><p data-start=\"524\" data-end=\"657\">Meie ruumides on toimunud meeskonnakoolitusi ja koosolekuid nii <strong data-start=\"573\" data-end=\"614\">v\u00e4ikestele 5-liikmelistele gruppidele<\/strong> kui ka kuni <strong data-start=\"627\" data-end=\"656\">50 osalejaga seminaridele<\/strong>.<\/p><p data-start=\"659\" data-end=\"778\">Rahulik keskkond, avarad ruumid ja personaalne teenindus loovad ideaalsed tingimused keskendumiseks ja heaks koost\u00f6\u00f6ks.<\/p><p data-start=\"780\" data-end=\"842\"><strong data-start=\"780\" data-end=\"842\">K\u00fcsi pakkumist ja leiame teie s\u00fcndmusele sobiva lahenduse.<\/strong><\/p>\t\t\t\t\t\t\t\t<\/div>\n\t\t\t\t<\/div>\n\t\t\t\t\t<\/div>\n\t\t<\/div>\n\t\t\t\t<div class=\"elementor-column elementor-col-50 elementor-top-column elementor-element elementor-element-978ab03\" data-id=\"978ab03\" data-element_type=\"column\" data-e-type=\"column\">\n\t\t\t<div class=\"elementor-widget-wrap elementor-element-populated\">\n\t\t\t\t\t\t<div class=\"elementor-element elementor-element-e5b71b3 elementor-widget elementor-widget-image\" data-id=\"e5b71b3\" data-element_type=\"widget\" data-e-type=\"widget\" data-widget_type=\"image.default\">\n\t\t\t\t<div class=\"elementor-widget-container\">\n\t\t\t\t\t\t\t\t\t\t\t\t\t\t\t<img fetchpriority=\"high\" decoding=\"async\" width=\"1024\" height=\"768\" src=\"https:\/\/www.kakuke.eu\/wp-content\/uploads\/2026\/01\/20250830_100038-1024x768.jpg\" class=\"attachment-large size-large wp-image-3285\" alt=\"Seminar K\u00e4esalu m\u00f5isas\" srcset=\"https:\/\/www.kakuke.eu\/wp-content\/uploads\/2026\/01\/20250830_100038-1024x768.jpg 1024w, https:\/\/www.kakuke.eu\/wp-content\/uploads\/2026\/01\/20250830_100038-300x225.jpg 300w, https:\/\/www.kakuke.eu\/wp-content\/uploads\/2026\/01\/20250830_100038-768x576.jpg 768w, https:\/\/www.kakuke.eu\/wp-content\/uploads\/2026\/01\/20250830_100038-1536x1152.jpg 1536w, https:\/\/www.kakuke.eu\/wp-content\/uploads\/2026\/01\/20250830_100038-2048x1536.jpg 2048w, https:\/\/www.kakuke.eu\/wp-content\/uploads\/2026\/01\/20250830_100038-16x12.jpg 16w\" sizes=\"(max-width: 1024px) 100vw, 1024px\" \/>\t\t\t\t\t\t\t\t\t\t\t\t\t\t\t<\/div>\n\t\t\t\t<\/div>\n\t\t\t\t\t<\/div>\n\t\t<\/div>\n\t\t\t\t\t<\/div>\n\t\t<\/section>\n\t\t\t\t<section class=\"elementor-section elementor-top-section elementor-element elementor-element-b0dcfe0 elementor-section-boxed elementor-section-height-default elementor-section-height-default\" data-id=\"b0dcfe0\" data-element_type=\"section\" data-e-type=\"section\">\n\t\t\t\t\t\t<div class=\"elementor-container elementor-column-gap-default\">\n\t\t\t\t\t<div class=\"elementor-column elementor-col-50 elementor-top-column elementor-element elementor-element-c9fc507\" data-id=\"c9fc507\" data-element_type=\"column\" data-e-type=\"column\">\n\t\t\t<div class=\"elementor-widget-wrap elementor-element-populated\">\n\t\t\t\t\t\t<div class=\"elementor-element elementor-element-ba845df elementor-widget elementor-widget-heading\" data-id=\"ba845df\" data-element_type=\"widget\" data-e-type=\"widget\" data-widget_type=\"heading.default\">\n\t\t\t\t<div class=\"elementor-widget-container\">\n\t\t\t\t\t<h3 class=\"elementor-heading-title elementor-size-default\">\nSeminar Package: Creativity and Collaboration <\/h3>\t\t\t\t<\/div>\n\t\t\t\t<\/div>\n\t\t\t\t\t<\/div>\n\t\t<\/div>\n\t\t\t\t<div class=\"elementor-column elementor-col-50 elementor-top-column elementor-element elementor-element-8e6ad28\" data-id=\"8e6ad28\" data-element_type=\"column\" data-e-type=\"column\">\n\t\t\t<div class=\"elementor-widget-wrap\">\n\t\t\t\t\t\t\t<\/div>\n\t\t<\/div>\n\t\t\t\t\t<\/div>\n\t\t<\/section>\n\t\t\t\t<section class=\"elementor-section elementor-top-section elementor-element elementor-element-8bff635 elementor-section-boxed elementor-section-height-default elementor-section-height-default\" data-id=\"8bff635\" data-element_type=\"section\" data-e-type=\"section\">\n\t\t\t\t\t\t<div class=\"elementor-container elementor-column-gap-default\">\n\t\t\t\t\t<div class=\"elementor-column elementor-col-50 elementor-top-column elementor-element elementor-element-cc9a73f\" data-id=\"cc9a73f\" data-element_type=\"column\" data-e-type=\"column\">\n\t\t\t<div class=\"elementor-widget-wrap elementor-element-populated\">\n\t\t\t\t\t\t<div class=\"elementor-element elementor-element-0a2cc0c elementor-widget elementor-widget-text-editor\" data-id=\"0a2cc0c\" data-element_type=\"widget\" data-e-type=\"widget\" data-widget_type=\"text-editor.default\">\n\t\t\t\t<div class=\"elementor-widget-container\">\n\t\t\t\t\t\t\t\t\t<p>The K\u00e4esalu Manor Art Center, with its spacious and light-filled rooms, is an ideal venue for hosting meetings. We begin the seminar day with a creative activity, as painting can positively impact various other areas. It promotes problem-solving and innovation, helps reduce tensions between team members, and provides an opportunity for the expression of emotions and thoughts.<\/p><p>All rooms of the Art Center are available for your team\u2019s use, with the seminar seating arrangement to be agreed upon separately. After the lunch break, a 2-3 hour constructive meeting will take place.<\/p><p><strong>The package includes:<\/strong><\/p><ul><li class=\"translation-block\">**Seminar Room:**  \nSeating arrangement in a U-shape, classroom style, or auditorium style.<\/li><li class=\"translation-block\">Coffee Break: Coffee\/tea, cookies, flavored water.<\/li><li class=\"translation-block\">**Art Course:**  \n*\"Step by Step to Your First Artwork\"* with professional instructor Sarah Asmer (language of instruction: English).  \nAll participants will paint an identical individual piece on canvas with step-by-step guidance.  \nMaterials included.  \nDuration: 2 hours.<\/li><li class=\"translation-block\">**Lunch:**  \nSoup and dessert.<\/li><\/ul><p>N\u00e4idispakett\u00a0 15 osaleja puhul\u00a0 75\u20ac\/osaleja<\/p>\t\t\t\t\t\t\t\t<\/div>\n\t\t\t\t<\/div>\n\t\t\t\t\t<\/div>\n\t\t<\/div>\n\t\t\t\t<div class=\"elementor-column elementor-col-50 elementor-top-column elementor-element elementor-element-798c412\" data-id=\"798c412\" data-element_type=\"column\" data-e-type=\"column\">\n\t\t\t<div class=\"elementor-widget-wrap elementor-element-populated\">\n\t\t\t\t\t\t<div class=\"elementor-element elementor-element-7158e8f elementor-widget elementor-widget-image\" data-id=\"7158e8f\" data-element_type=\"widget\" data-e-type=\"widget\" data-widget_type=\"image.default\">\n\t\t\t\t<div class=\"elementor-widget-container\">\n\t\t\t\t\t\t\t\t\t\t\t\t\t\t\t<img decoding=\"async\" width=\"984\" height=\"1024\" src=\"https:\/\/www.kakuke.eu\/wp-content\/uploads\/2024\/07\/20240720_153557-scaled-e1735825469570-984x1024.jpg\" class=\"attachment-large size-large wp-image-1733\" alt=\"K\u00e4esalu triiphoone kunstikursus\" srcset=\"https:\/\/www.kakuke.eu\/wp-content\/uploads\/2024\/07\/20240720_153557-scaled-e1735825469570-984x1024.jpg 984w, https:\/\/www.kakuke.eu\/wp-content\/uploads\/2024\/07\/20240720_153557-scaled-e1735825469570-600x624.jpg 600w, https:\/\/www.kakuke.eu\/wp-content\/uploads\/2024\/07\/20240720_153557-scaled-e1735825469570-288x300.jpg 288w, https:\/\/www.kakuke.eu\/wp-content\/uploads\/2024\/07\/20240720_153557-scaled-e1735825469570-768x799.jpg 768w, https:\/\/www.kakuke.eu\/wp-content\/uploads\/2024\/07\/20240720_153557-scaled-e1735825469570-12x12.jpg 12w, https:\/\/www.kakuke.eu\/wp-content\/uploads\/2024\/07\/20240720_153557-scaled-e1735825469570.jpg 1440w\" sizes=\"(max-width: 984px) 100vw, 984px\" \/>\t\t\t\t\t\t\t\t\t\t\t\t\t\t\t<\/div>\n\t\t\t\t<\/div>\n\t\t\t\t\t<\/div>\n\t\t<\/div>\n\t\t\t\t\t<\/div>\n\t\t<\/section>\n\t\t\t\t<section class=\"elementor-section elementor-top-section elementor-element elementor-element-7e940f8 elementor-section-boxed elementor-section-height-default elementor-section-height-default\" data-id=\"7e940f8\" data-element_type=\"section\" data-e-type=\"section\">\n\t\t\t\t\t\t<div class=\"elementor-container elementor-column-gap-default\">\n\t\t\t\t\t<div class=\"elementor-column elementor-col-50 elementor-top-column elementor-element elementor-element-0ed9404\" data-id=\"0ed9404\" data-element_type=\"column\" data-e-type=\"column\">\n\t\t\t<div class=\"elementor-widget-wrap elementor-element-populated\">\n\t\t\t\t\t\t<div class=\"elementor-element elementor-element-2d11b20 elementor-widget elementor-widget-text-editor\" data-id=\"2d11b20\" data-element_type=\"widget\" data-e-type=\"widget\" data-widget_type=\"text-editor.default\">\n\t\t\t\t<div class=\"elementor-widget-container\">\n\t\t\t\t\t\t\t\t\t<p><strong>Possible workshops<\/strong><\/p><ul><li><span style=\"font-size: 16px; font-style: normal; font-weight: 400;\">Beginner's painting course<\/span><\/li><li><span style=\"font-size: 16px; font-style: normal; font-weight: 400;\">The Secrets of Pencil Drawing<\/span><\/li><li><span style=\"font-size: 16px; font-style: normal; font-weight: 400;\">Acrylic pouring<\/span><\/li><li>struktuurmaal<\/li><li><span style=\"font-size: 16px; font-style: normal; font-weight: 400;\">Mural painting \u2013 for an office wall<\/span><\/li><li>Painting \u2013 Still Life<\/li><li><span style=\"font-size: 16px; font-style: normal; font-weight: 400;\">Printmaking workshop<\/span><\/li><li>Creating an artwork using collage technique<\/li><li>Christmas Gifts Made from Straw Ornaments<\/li><li>&#8230;<\/li><\/ul><p>We offer the opportunity to host beautiful and dignified receptions, company anniversaries, or celebrations of important achievements. For events, we have a large green area, perfect for client days, team-building activities, and product presentations. We want your event to be a great success and offer assistance with other organizational matters, such as helping you find a host, Santa Claus, a tour guide, accommodation, musicians, or a local bus driver.<\/p>\t\t\t\t\t\t\t\t<\/div>\n\t\t\t\t<\/div>\n\t\t\t\t\t<\/div>\n\t\t<\/div>\n\t\t\t\t<div class=\"elementor-column elementor-col-50 elementor-top-column elementor-element elementor-element-c62821d\" data-id=\"c62821d\" data-element_type=\"column\" data-e-type=\"column\">\n\t\t\t<div class=\"elementor-widget-wrap elementor-element-populated\">\n\t\t\t\t\t\t<div class=\"elementor-element elementor-element-9492801 elementor-widget elementor-widget-image\" data-id=\"9492801\" data-element_type=\"widget\" data-e-type=\"widget\" data-widget_type=\"image.default\">\n\t\t\t\t<div class=\"elementor-widget-container\">\n\t\t\t\t\t\t\t\t\t\t\t\t\t\t\t<img decoding=\"async\" width=\"1024\" height=\"768\" src=\"https:\/\/www.kakuke.eu\/wp-content\/uploads\/2026\/01\/20250525_124741-1024x768.jpg\" class=\"attachment-large size-large wp-image-3287\" alt=\"Seminar, suvep\u00e4ev meeskonnat\u00f6\u00f6\" srcset=\"https:\/\/www.kakuke.eu\/wp-content\/uploads\/2026\/01\/20250525_124741-1024x768.jpg 1024w, https:\/\/www.kakuke.eu\/wp-content\/uploads\/2026\/01\/20250525_124741-300x225.jpg 300w, https:\/\/www.kakuke.eu\/wp-content\/uploads\/2026\/01\/20250525_124741-768x576.jpg 768w, https:\/\/www.kakuke.eu\/wp-content\/uploads\/2026\/01\/20250525_124741-1536x1152.jpg 1536w, https:\/\/www.kakuke.eu\/wp-content\/uploads\/2026\/01\/20250525_124741-2048x1536.jpg 2048w, https:\/\/www.kakuke.eu\/wp-content\/uploads\/2026\/01\/20250525_124741-16x12.jpg 16w\" sizes=\"(max-width: 1024px) 100vw, 1024px\" \/>\t\t\t\t\t\t\t\t\t\t\t\t\t\t\t<\/div>\n\t\t\t\t<\/div>\n\t\t\t\t\t<\/div>\n\t\t<\/div>\n\t\t\t\t\t<\/div>\n\t\t<\/section>\n\t\t\t\t<section class=\"elementor-section elementor-top-section elementor-element elementor-element-dd73fe9 elementor-section-boxed elementor-section-height-default elementor-section-height-default\" data-id=\"dd73fe9\" data-element_type=\"section\" data-e-type=\"section\">\n\t\t\t\t\t\t<div class=\"elementor-container elementor-column-gap-default\">\n\t\t\t\t\t<div class=\"elementor-column elementor-col-50 elementor-top-column elementor-element elementor-element-8055981\" data-id=\"8055981\" data-element_type=\"column\" data-e-type=\"column\">\n\t\t\t<div class=\"elementor-widget-wrap elementor-element-populated\">\n\t\t\t\t\t\t<div class=\"elementor-element elementor-element-d8b4250 elementor-widget elementor-widget-text-editor\" data-id=\"d8b4250\" data-element_type=\"widget\" data-e-type=\"widget\" data-widget_type=\"text-editor.default\">\n\t\t\t\t<div class=\"elementor-widget-container\">\n\t\t\t\t\t\t\t\t\t<p>Write or call us, and let's discuss how we can organize a fun and memorable day for your team!<\/p><p>The segment from the Kanal 2 show \"Elamusi t\u00e4is Eesti\" provides a great overview of the greenery at K\u00e4esalu Manor, the rooms in the striped building, and the areas that guests can use.<\/p>\t\t\t\t\t\t\t\t<\/div>\n\t\t\t\t<\/div>\n\t\t\t\t<div class=\"elementor-element elementor-element-fb6f1a4 elementor-widget elementor-widget-button\" data-id=\"fb6f1a4\" data-element_type=\"widget\" data-e-type=\"widget\" data-widget_type=\"button.default\">\n\t\t\t\t<div class=\"elementor-widget-container\">\n\t\t\t\t\t\t\t\t\t<div class=\"elementor-button-wrapper\">\n\t\t\t\t\t<a class=\"elementor-button elementor-button-link elementor-size-sm\" href=\"https:\/\/live.touringery.ee\/6ee3aa6\/seminaripakett-loovus-ja-koostoo\/\">\n\t\t\t\t\t\t<span class=\"elementor-button-content-wrapper\">\n\t\t\t\t\t\t\t\t\t<span class=\"elementor-button-text\">Broneeri pakett siit<\/span>\n\t\t\t\t\t<\/span>\n\t\t\t\t\t<\/a>\n\t\t\t\t<\/div>\n\t\t\t\t\t\t\t\t<\/div>\n\t\t\t\t<\/div>\n\t\t\t\t\t<\/div>\n\t\t<\/div>\n\t\t\t\t<div class=\"elementor-column elementor-col-50 elementor-top-column elementor-element elementor-element-6516e7f\" data-id=\"6516e7f\" data-element_type=\"column\" data-e-type=\"column\">\n\t\t\t<div class=\"elementor-widget-wrap elementor-element-populated\">\n\t\t\t\t\t\t<div class=\"elementor-element elementor-element-9b6ec33 elementor-widget elementor-widget-video\" data-id=\"9b6ec33\" data-element_type=\"widget\" data-e-type=\"widget\" data-settings=\"{&quot;youtube_url&quot;:&quot;https:\\\/\\\/www.youtube.com\\\/watch?v=FnUt3nRresM&quot;,&quot;video_type&quot;:&quot;youtube&quot;,&quot;controls&quot;:&quot;yes&quot;}\" data-widget_type=\"video.default\">\n\t\t\t\t<div class=\"elementor-widget-container\">\n\t\t\t\t\t\t\t<div class=\"elementor-wrapper elementor-open-inline\">\n\t\t\t<div class=\"elementor-video\"><\/div>\t\t<\/div>\n\t\t\t\t\t\t<\/div>\n\t\t\t\t<\/div>\n\t\t\t\t\t<\/div>\n\t\t<\/div>\n\t\t\t\t\t<\/div>\n\t\t<\/section>\n\t\t\t\t<section class=\"elementor-section elementor-top-section elementor-element elementor-element-8304c4d elementor-section-boxed elementor-section-height-default elementor-section-height-default\" data-id=\"8304c4d\" data-element_type=\"section\" data-e-type=\"section\">\n\t\t\t\t\t\t<div class=\"elementor-container elementor-column-gap-default\">\n\t\t\t\t\t<div class=\"elementor-column elementor-col-100 elementor-top-column elementor-element elementor-element-d02a196\" data-id=\"d02a196\" data-element_type=\"column\" data-e-type=\"column\">\n\t\t\t<div class=\"elementor-widget-wrap\">\n\t\t\t\t\t\t\t<\/div>\n\t\t<\/div>\n\t\t\t\t\t<\/div>\n\t\t<\/section>\n\t\t\t\t<section class=\"elementor-section elementor-top-section elementor-element elementor-element-0b7e239 elementor-section-boxed elementor-section-height-default elementor-section-height-default\" data-id=\"0b7e239\" data-element_type=\"section\" data-e-type=\"section\">\n\t\t\t\t\t\t<div class=\"elementor-container elementor-column-gap-default\">\n\t\t\t\t\t<div class=\"elementor-column elementor-col-100 elementor-top-column elementor-element elementor-element-4e6e652\" data-id=\"4e6e652\" data-element_type=\"column\" data-e-type=\"column\">\n\t\t\t<div class=\"elementor-widget-wrap elementor-element-populated\">\n\t\t\t\t\t\t<div class=\"elementor-element elementor-element-3edd4f5 elementor-widget elementor-widget-button\" data-id=\"3edd4f5\" data-element_type=\"widget\" data-e-type=\"widget\" data-widget_type=\"button.default\">\n\t\t\t\t<div class=\"elementor-widget-container\">\n\t\t\t\t\t\t\t\t\t<div class=\"elementor-button-wrapper\">\n\t\t\t\t\t<a class=\"elementor-button elementor-button-link elementor-size-sm\" href=\"https:\/\/live.touringery.ee\/6a49d06\/kunstikursus-samm-sammult-esimese-kunstiteoseni\/\">\n\t\t\t\t\t\t<span class=\"elementor-button-content-wrapper\">\n\t\t\t\t\t\t\t\t\t<span class=\"elementor-button-text\">Broneeri kunstikursus<\/span>\n\t\t\t\t\t<\/span>\n\t\t\t\t\t<\/a>\n\t\t\t\t<\/div>\n\t\t\t\t\t\t\t\t<\/div>\n\t\t\t\t<\/div>\n\t\t\t\t\t<\/div>\n\t\t<\/div>\n\t\t\t\t\t<\/div>\n\t\t<\/section>\n\t\t\t\t<\/div>","protected":false},"excerpt":{"rendered":"<p>Siit leiad inspireerivaid ja valgusk\u00fcllased ruumid seminaride, koosolekute ja t\u00f6\u00f6tubade korraldamiseks looduskaunis m\u00f5isapargis. Ruume on v\u00f5imalik rentida ka tunnip\u00f5hiselt, ilma kunstikursuse v\u00f5i meeskonnaprogrammita. Soovi korral pakume juurde kohvipause, suupisteid ja toitlustust vastavalt teie s\u00fcndmuse iseloomule. Meie ruumides on toimunud meeskonnakoolitusi ja koosolekuid nii v\u00e4ikestele 5-liikmelistele gruppidele kui ka kuni 50 osalejaga seminaridele. Rahulik keskkond, avarad [&hellip;]<\/p>\n","protected":false},"author":1,"featured_media":0,"parent":0,"menu_order":0,"comment_status":"closed","ping_status":"closed","template":"","meta":{"site-sidebar-layout":"no-sidebar","site-content-layout":"page-builder","ast-site-content-layout":"","site-content-style":"default","site-sidebar-style":"default","ast-global-header-display":"","ast-banner-title-visibility":"","ast-main-header-display":"","ast-hfb-above-header-display":"","ast-hfb-below-header-display":"","ast-hfb-mobile-header-display":"","site-post-title":"disabled","ast-breadcrumbs-content":"","ast-featured-img":"disabled","footer-sml-layout":"","theme-transparent-header-meta":"","adv-header-id-meta":"","stick-header-meta":"","header-above-stick-meta":"","header-main-stick-meta":"","header-below-stick-meta":"","astra-migrate-meta-layouts":"default","ast-page-background-enabled":"default","ast-page-background-meta":{"desktop":{"background-color":"","background-image":"","background-repeat":"repeat","background-position":"center center","background-size":"auto","background-attachment":"scroll","background-type":"","background-media":"","overlay-type":"","overlay-color":"","overlay-opacity":"","overlay-gradient":""},"tablet":{"background-color":"","background-image":"","background-repeat":"repeat","background-position":"center center","background-size":"auto","background-attachment":"scroll","background-type":"","background-media":"","overlay-type":"","overlay-color":"","overlay-opacity":"","overlay-gradient":""},"mobile":{"background-color":"","background-image":"","background-repeat":"repeat","background-position":"center center","background-size":"auto","background-attachment":"scroll","background-type":"","background-media":"","overlay-type":"","overlay-color":"","overlay-opacity":"","overlay-gradient":""}},"ast-content-background-meta":{"desktop":{"background-color":"var(--ast-global-color-5)","background-image":"","background-repeat":"repeat","background-position":"center center","background-size":"auto","background-attachment":"scroll","background-type":"","background-media":"","overlay-type":"","overlay-color":"","overlay-opacity":"","overlay-gradient":""},"tablet":{"background-color":"var(--ast-global-color-5)","background-image":"","background-repeat":"repeat","background-position":"center center","background-size":"auto","background-attachment":"scroll","background-type":"","background-media":"","overlay-type":"","overlay-color":"","overlay-opacity":"","overlay-gradient":""},"mobile":{"background-color":"var(--ast-global-color-5)","background-image":"","background-repeat":"repeat","background-position":"center center","background-size":"auto","background-attachment":"scroll","background-type":"","background-media":"","overlay-type":"","overlay-color":"","overlay-opacity":"","overlay-gradient":""}},"footnotes":""},"class_list":["post-1731","page","type-page","status-publish","hentry"],"jetpack_sharing_enabled":true,"_links":{"self":[{"href":"https:\/\/www.kakuke.eu\/en\/wp-json\/wp\/v2\/pages\/1731","targetHints":{"allow":["GET"]}}],"collection":[{"href":"https:\/\/www.kakuke.eu\/en\/wp-json\/wp\/v2\/pages"}],"about":[{"href":"https:\/\/www.kakuke.eu\/en\/wp-json\/wp\/v2\/types\/page"}],"author":[{"embeddable":true,"href":"https:\/\/www.kakuke.eu\/en\/wp-json\/wp\/v2\/users\/1"}],"replies":[{"embeddable":true,"href":"https:\/\/www.kakuke.eu\/en\/wp-json\/wp\/v2\/comments?post=1731"}],"version-history":[{"count":5,"href":"https:\/\/www.kakuke.eu\/en\/wp-json\/wp\/v2\/pages\/1731\/revisions"}],"predecessor-version":[{"id":3290,"href":"https:\/\/www.kakuke.eu\/en\/wp-json\/wp\/v2\/pages\/1731\/revisions\/3290"}],"wp:attachment":[{"href":"https:\/\/www.kakuke.eu\/en\/wp-json\/wp\/v2\/media?parent=1731"}],"curies":[{"name":"wp","href":"https:\/\/api.w.org\/{rel}","templated":true}]}}