{"id":2199,"date":"2025-01-11T11:09:46","date_gmt":"2025-01-11T11:09:46","guid":{"rendered":"https:\/\/www.kakuke.eu\/?page_id=2199"},"modified":"2025-01-11T13:10:57","modified_gmt":"2025-01-11T13:10:57","slug":"kunstikursused","status":"publish","type":"page","link":"https:\/\/www.kakuke.eu\/en\/kunstikursused\/","title":{"rendered":"kunstikursused"},"content":{"rendered":"\t\t<div data-elementor-type=\"wp-page\" data-elementor-id=\"2199\" class=\"elementor elementor-2199\">\n\t\t\t\t\t\t<section class=\"elementor-section elementor-top-section elementor-element elementor-element-047265f elementor-section-boxed elementor-section-height-default elementor-section-height-default\" data-id=\"047265f\" data-element_type=\"section\" data-e-type=\"section\">\n\t\t\t\t\t\t<div class=\"elementor-container elementor-column-gap-default\">\n\t\t\t\t\t<div class=\"elementor-column elementor-col-100 elementor-top-column elementor-element elementor-element-3db9d93\" data-id=\"3db9d93\" data-element_type=\"column\" data-e-type=\"column\">\n\t\t\t<div class=\"elementor-widget-wrap\">\n\t\t\t\t\t\t\t<\/div>\n\t\t<\/div>\n\t\t\t\t\t<\/div>\n\t\t<\/section>\n\t\t\t\t<section class=\"elementor-section elementor-top-section elementor-element elementor-element-677137c elementor-section-boxed elementor-section-height-default elementor-section-height-default\" data-id=\"677137c\" data-element_type=\"section\" data-e-type=\"section\">\n\t\t\t\t\t\t<div class=\"elementor-container elementor-column-gap-default\">\n\t\t\t\t\t<div class=\"elementor-column elementor-col-50 elementor-top-column elementor-element elementor-element-31d574e\" data-id=\"31d574e\" data-element_type=\"column\" data-e-type=\"column\">\n\t\t\t<div class=\"elementor-widget-wrap elementor-element-populated\">\n\t\t\t\t\t\t<div class=\"elementor-element elementor-element-365a981 elementor-widget elementor-widget-text-editor\" data-id=\"365a981\" data-element_type=\"widget\" data-e-type=\"widget\" data-widget_type=\"text-editor.default\">\n\t\t\t\t<div class=\"elementor-widget-container\">\n\t\t\t\t\t\t\t\t\t<h4>Samm sammult kauni akr\u00fc\u00fclmaalini<\/h4><p>See t\u00f6\u00f6tuba on suurep\u00e4rane meeskonna\u00fcritus, kus osalejad saavad<br \/>\u00fcheskoos loovalt aega veeta ja luua isikliku maastikumaali. Samm sammult juhendatavas t\u00f6\u00f6toas \u00f5pitakse akr\u00fc\u00fclv\u00e4rvidega maalimise<br \/>p\u00f5hit\u00f5desid, v\u00e4rvide segamist, kompositsiooni loomist ja perspektiivi<br \/>kujutamist. \u00dcritus sobib h\u00e4sti algajatele ega vaja varasemat kogemust<br \/>\u2013 juhendaja abil valmib igal osalejal l\u00f5\u00f5gastava meeskonnakogemuse<br \/>k\u00e4igus oman\u00e4oline maastikumaal.\u00a0<\/p><p><br \/>Sarah on 1990. aastal Ameerikas s\u00fcndinud kunstnik, kellel on visuaalse<br \/>kommunikatsiooni bakalaureusekraad. Ta on elanud mitmes Euroopa riigis ja t\u00f6\u00f6tanud disainerina Mumbais, Indias. 2021. aastal kaitses ta oma PhD<br \/>\u201eNarcosis\u201c Wroclawi Eugeniusz Gepperti Kunstiakadeemias. Epping on osalenud \u00fcle 80 rahvusvahelisel n\u00e4itusel, p\u00e4lvinud mitmeid auhindu, sealhulgas Jerzy Grotowski auhinna, ja tema teosed on leidnud koha mitmes muuseumis, sh Hiina Tr\u00fckikunstimuuseumis ja Wroclawi Kaasaegse Kunsti Muuseumis. Alates 2022. aastast on ta Eesti Vabagraafikute \u00dchenduse liige<\/p>\t\t\t\t\t\t\t\t<\/div>\n\t\t\t\t<\/div>\n\t\t\t\t\t<\/div>\n\t\t<\/div>\n\t\t\t\t<div class=\"elementor-column elementor-col-50 elementor-top-column elementor-element elementor-element-488a402\" data-id=\"488a402\" data-element_type=\"column\" data-e-type=\"column\">\n\t\t\t<div class=\"elementor-widget-wrap elementor-element-populated\">\n\t\t\t\t\t\t<div class=\"elementor-element elementor-element-db45dfc elementor-widget elementor-widget-image\" data-id=\"db45dfc\" data-element_type=\"widget\" data-e-type=\"widget\" data-widget_type=\"image.default\">\n\t\t\t\t<div class=\"elementor-widget-container\">\n\t\t\t\t\t\t\t\t\t\t\t\t\t\t\t<img fetchpriority=\"high\" decoding=\"async\" width=\"768\" height=\"862\" src=\"https:\/\/www.kakuke.eu\/wp-content\/uploads\/2024\/06\/20240610_124708-1-scaled-e1718351262994-768x862.jpg\" class=\"attachment-medium_large size-medium_large wp-image-1495\" alt=\"Sarah Michelle Epping\" srcset=\"https:\/\/www.kakuke.eu\/wp-content\/uploads\/2024\/06\/20240610_124708-1-scaled-e1718351262994-768x862.jpg 768w, https:\/\/www.kakuke.eu\/wp-content\/uploads\/2024\/06\/20240610_124708-1-scaled-e1718351262994-600x674.jpg 600w, https:\/\/www.kakuke.eu\/wp-content\/uploads\/2024\/06\/20240610_124708-1-scaled-e1718351262994-267x300.jpg 267w, https:\/\/www.kakuke.eu\/wp-content\/uploads\/2024\/06\/20240610_124708-1-scaled-e1718351262994-912x1024.jpg 912w, https:\/\/www.kakuke.eu\/wp-content\/uploads\/2024\/06\/20240610_124708-1-scaled-e1718351262994-1368x1536.jpg 1368w, https:\/\/www.kakuke.eu\/wp-content\/uploads\/2024\/06\/20240610_124708-1-scaled-e1718351262994-11x12.jpg 11w, https:\/\/www.kakuke.eu\/wp-content\/uploads\/2024\/06\/20240610_124708-1-scaled-e1718351262994.jpg 1385w\" sizes=\"(max-width: 768px) 100vw, 768px\" \/>\t\t\t\t\t\t\t\t\t\t\t\t\t\t\t<\/div>\n\t\t\t\t<\/div>\n\t\t\t\t\t<\/div>\n\t\t<\/div>\n\t\t\t\t\t<\/div>\n\t\t<\/section>\n\t\t\t\t<section class=\"elementor-section elementor-top-section elementor-element elementor-element-a68f6f1 elementor-section-boxed elementor-section-height-default elementor-section-height-default\" data-id=\"a68f6f1\" data-element_type=\"section\" data-e-type=\"section\">\n\t\t\t\t\t\t<div class=\"elementor-container elementor-column-gap-default\">\n\t\t\t\t\t<div class=\"elementor-column elementor-col-50 elementor-top-column elementor-element elementor-element-b0685ae\" data-id=\"b0685ae\" data-element_type=\"column\" data-e-type=\"column\">\n\t\t\t<div class=\"elementor-widget-wrap elementor-element-populated\">\n\t\t\t\t\t\t<div class=\"elementor-element elementor-element-9747490 elementor-widget elementor-widget-text-editor\" data-id=\"9747490\" data-element_type=\"widget\" data-e-type=\"widget\" data-widget_type=\"text-editor.default\">\n\t\t\t\t<div class=\"elementor-widget-container\">\n\t\t\t\t\t\t\t\t\t<h4><strong>\u00a0Nat\u00fc\u00fcrmort algajale<\/strong><\/h4><p class=\"cvGsUA direction-ltr align-justify para-style-body\"><span class=\"OYPEnA font-feature-liga-off font-feature-clig-off font-feature-calt-off text-decoration-none text-strikethrough-none\">Nat\u00fc\u00fcrmordi kursus algajatele \u00f5petab joonistama ja maalima elutuid objekte, n\u00e4iteks vilju, lilli ja tarbeesemeid. Kursusel keskendutakse kompositsiooni loomisele, valguse ja varju kasutamisele ning p\u00f5hiv\u00e4rvide ja -tehnikate \u00f5ppimisele. T\u00f6\u00f6vahendiks on valitud akr\u00fc\u00fclv\u00e4rvid.<\/span> <span class=\"OYPEnA font-feature-liga-off font-feature-clig-off font-feature-calt-off text-decoration-none text-strikethrough-none\">Osalejad arendavad vaatluse oskust, et j\u00e4\u00e4dvustada esemete tekstuure ja ruumilisust realistlikult ning kunstiliselt. Kursus aitab arendada visuaalset v\u00e4ljendusoskust.<\/span><\/p><p class=\"cvGsUA direction-ltr align-justify para-style-body\"><span class=\"OYPEnA font-feature-liga-off font-feature-clig-off font-feature-calt-off text-decoration-none text-strikethrough-none\">Berbel L\u00e4tt on vabakutseline kunstnik, kes on l\u00f5petanud Eesti Kunstiakadeemia graafilise disaini eriala. Ta on asutanud keraamilise ehtebr\u00e4ndi &#8220;Skarbel&#8221;. Ta on t\u00e4iendanud end keraamikas Prantsusmaal ja v\u00f5itnud Eesti Panga kollektsioonm\u00fcndi kujundusv\u00f5istlustel auhindu. Hetkel keskendub Berbel peamiselt maalimisele.<\/span><\/p>\t\t\t\t\t\t\t\t<\/div>\n\t\t\t\t<\/div>\n\t\t\t\t\t<\/div>\n\t\t<\/div>\n\t\t\t\t<div class=\"elementor-column elementor-col-50 elementor-top-column elementor-element elementor-element-2f466c8\" data-id=\"2f466c8\" data-element_type=\"column\" data-e-type=\"column\">\n\t\t\t<div class=\"elementor-widget-wrap elementor-element-populated\">\n\t\t\t\t\t\t<div class=\"elementor-element elementor-element-3aff6ff elementor-widget elementor-widget-image\" data-id=\"3aff6ff\" data-element_type=\"widget\" data-e-type=\"widget\" data-widget_type=\"image.default\">\n\t\t\t\t<div class=\"elementor-widget-container\">\n\t\t\t\t\t\t\t\t\t\t\t\t\t\t\t<img decoding=\"async\" width=\"600\" height=\"607\" src=\"https:\/\/www.kakuke.eu\/wp-content\/uploads\/2025\/01\/IMG-20241213-WA0000-e1736168779458.jpg\" class=\"attachment-medium_large size-medium_large wp-image-2150\" alt=\"Kunstikursus meeskonnale\" srcset=\"https:\/\/www.kakuke.eu\/wp-content\/uploads\/2025\/01\/IMG-20241213-WA0000-e1736168779458.jpg 600w, https:\/\/www.kakuke.eu\/wp-content\/uploads\/2025\/01\/IMG-20241213-WA0000-e1736168779458-297x300.jpg 297w, https:\/\/www.kakuke.eu\/wp-content\/uploads\/2025\/01\/IMG-20241213-WA0000-e1736168779458-12x12.jpg 12w, https:\/\/www.kakuke.eu\/wp-content\/uploads\/2025\/01\/IMG-20241213-WA0000-e1736168779458-100x100.jpg 100w\" sizes=\"(max-width: 600px) 100vw, 600px\" \/>\t\t\t\t\t\t\t\t\t\t\t\t\t\t\t<\/div>\n\t\t\t\t<\/div>\n\t\t\t\t\t<\/div>\n\t\t<\/div>\n\t\t\t\t\t<\/div>\n\t\t<\/section>\n\t\t\t\t<section class=\"elementor-section elementor-top-section elementor-element elementor-element-aa0cd29 elementor-section-boxed elementor-section-height-default elementor-section-height-default\" data-id=\"aa0cd29\" data-element_type=\"section\" data-e-type=\"section\">\n\t\t\t\t\t\t<div class=\"elementor-container elementor-column-gap-default\">\n\t\t\t\t\t<div class=\"elementor-column elementor-col-50 elementor-top-column elementor-element elementor-element-64ea13d\" data-id=\"64ea13d\" data-element_type=\"column\" data-e-type=\"column\">\n\t\t\t<div class=\"elementor-widget-wrap elementor-element-populated\">\n\t\t\t\t\t\t<div class=\"elementor-element elementor-element-4e10dc7 elementor-widget elementor-widget-text-editor\" data-id=\"4e10dc7\" data-element_type=\"widget\" data-e-type=\"widget\" data-widget_type=\"text-editor.default\">\n\t\t\t\t<div class=\"elementor-widget-container\">\n\t\t\t\t\t\t\t\t\t<h4>Ainulaadne m\u00e4lestus: \u00fchine kunstiteos<\/h4><p>Kunstnik Sarah Eppingu poolt ettevalmistatud l\u00f5uend, mida k\u00fclalised saavad akr\u00fc\u00fclv\u00e4rvidega \u00fchiselt v\u00e4rvida, luues kontrollitult kauni kunstiteose. Ideaalne m\u00e4lestus peost ja selle k\u00fclalistest!<\/p>\t\t\t\t\t\t\t\t<\/div>\n\t\t\t\t<\/div>\n\t\t\t\t\t<\/div>\n\t\t<\/div>\n\t\t\t\t<div class=\"elementor-column elementor-col-50 elementor-top-column elementor-element elementor-element-0edb1b3\" data-id=\"0edb1b3\" data-element_type=\"column\" data-e-type=\"column\">\n\t\t\t<div class=\"elementor-widget-wrap elementor-element-populated\">\n\t\t\t\t\t\t<div class=\"elementor-element elementor-element-492872e elementor-widget elementor-widget-text-editor\" data-id=\"492872e\" data-element_type=\"widget\" data-e-type=\"widget\" data-widget_type=\"text-editor.default\">\n\t\t\t\t<div class=\"elementor-widget-container\">\n\t\t\t\t\t\t\t\t\t<p><div class=\"wp-playlist wp-video-playlist wp-playlist-light\">\n\t\t<video controls=\"controls\" preload=\"none\" width=\"640\"\n\t\t height=\"853\"\t><\/video>\n\t<div class=\"wp-playlist-next\"><\/div>\n\t<div class=\"wp-playlist-prev\"><\/div>\n\t<noscript>\n\t<ol>\n\t\t<li><a href='https:\/\/www.kakuke.eu\/wp-content\/uploads\/2025\/01\/avatudtalud.mp4'>Betti Nora Raasman \u00dchismaalimise kokkuv\u00f5te<\/a><\/li>\t<\/ol>\n\t<\/noscript>\n\t<script type=\"application\/json\" class=\"wp-playlist-script\">{\"type\":\"video\",\"tracklist\":true,\"tracknumbers\":true,\"images\":true,\"artists\":true,\"tracks\":[{\"src\":\"https:\/\/www.kakuke.eu\/wp-content\/uploads\/2025\/01\/avatudtalud.mp4\",\"type\":\"video\/mp4\",\"title\":\"Betti Nora Raasman \\u00dchismaalimise kokkuv\\u00f5te\",\"caption\":\"Video l\\u00f5ikas kokku Betti Nora Raasman, Avatud Talud K\\u00e4esalu m\\u00f5isas 2024 \\u00fchismaalimine\",\"description\":\"Video l\\u00f5ikas kokku Betti Nora Raasman, Avatud Talud K\\u00e4esalu m\\u00f5isas 2024 \\u00fchismaalimine\",\"meta\":{\"length_formatted\":\"0:42\"},\"dimensions\":{\"original\":{\"width\":3000,\"height\":4000},\"resized\":{\"width\":640,\"height\":853}},\"image\":{\"src\":\"https:\/\/www.kakuke.eu\/wp-includes\/images\/media\/video.svg\",\"width\":48,\"height\":64},\"thumb\":{\"src\":\"https:\/\/www.kakuke.eu\/wp-includes\/images\/media\/video.svg\",\"width\":48,\"height\":64}}]}<\/script>\n<\/div>\n\t<\/p><p>\u00a0<\/p>\t\t\t\t\t\t\t\t<\/div>\n\t\t\t\t<\/div>\n\t\t\t\t\t<\/div>\n\t\t<\/div>\n\t\t\t\t\t<\/div>\n\t\t<\/section>\n\t\t\t\t<section class=\"elementor-section elementor-top-section elementor-element elementor-element-d5dba47 elementor-section-boxed elementor-section-height-default elementor-section-height-default\" data-id=\"d5dba47\" data-element_type=\"section\" data-e-type=\"section\">\n\t\t\t\t\t\t<div class=\"elementor-container elementor-column-gap-default\">\n\t\t\t\t\t<div class=\"elementor-column elementor-col-50 elementor-top-column elementor-element elementor-element-3939887\" data-id=\"3939887\" data-element_type=\"column\" data-e-type=\"column\">\n\t\t\t<div class=\"elementor-widget-wrap elementor-element-populated\">\n\t\t\t\t\t\t<div class=\"elementor-element elementor-element-64fad8a elementor-widget elementor-widget-text-editor\" data-id=\"64fad8a\" data-element_type=\"widget\" data-e-type=\"widget\" data-widget_type=\"text-editor.default\">\n\t\t\t\t<div class=\"elementor-widget-container\">\n\t\t\t\t\t\t\t\t\t<p>Need siin on vaid m\u00f5ned n\u00e4ited, k\u00fcsi julgelt ja korraldame Teile seltskonnale meeleoluka p\u00e4eva!<\/p>\t\t\t\t\t\t\t\t<\/div>\n\t\t\t\t<\/div>\n\t\t\t\t\t<\/div>\n\t\t<\/div>\n\t\t\t\t<div class=\"elementor-column elementor-col-50 elementor-top-column elementor-element elementor-element-269929e\" data-id=\"269929e\" data-element_type=\"column\" data-e-type=\"column\">\n\t\t\t<div class=\"elementor-widget-wrap\">\n\t\t\t\t\t\t\t<\/div>\n\t\t<\/div>\n\t\t\t\t\t<\/div>\n\t\t<\/section>\n\t\t\t\t<\/div>\n\t\t","protected":false},"excerpt":{"rendered":"<p>Samm sammult kauni akr\u00fc\u00fclmaalini See t\u00f6\u00f6tuba on suurep\u00e4rane meeskonna\u00fcritus, kus osalejad saavad\u00fcheskoos loovalt aega veeta ja luua isikliku maastikumaali. Samm sammult juhendatavas t\u00f6\u00f6toas \u00f5pitakse akr\u00fc\u00fclv\u00e4rvidega maalimisep\u00f5hit\u00f5desid, v\u00e4rvide segamist, kompositsiooni loomist ja perspektiivikujutamist. \u00dcritus sobib h\u00e4sti algajatele ega vaja varasemat kogemust\u2013 juhendaja abil valmib igal osalejal l\u00f5\u00f5gastava meeskonnakogemusek\u00e4igus oman\u00e4oline maastikumaal.\u00a0 Sarah on 1990. aastal Ameerikas s\u00fcndinud [&hellip;]<\/p>\n","protected":false},"author":1,"featured_media":0,"parent":0,"menu_order":0,"comment_status":"closed","ping_status":"closed","template":"","meta":{"site-sidebar-layout":"no-sidebar","site-content-layout":"page-builder","ast-site-content-layout":"full-width-container","site-content-style":"default","site-sidebar-style":"default","ast-global-header-display":"","ast-banner-title-visibility":"","ast-main-header-display":"","ast-hfb-above-header-display":"","ast-hfb-below-header-display":"","ast-hfb-mobile-header-display":"","site-post-title":"disabled","ast-breadcrumbs-content":"","ast-featured-img":"disabled","footer-sml-layout":"","theme-transparent-header-meta":"","adv-header-id-meta":"","stick-header-meta":"","header-above-stick-meta":"","header-main-stick-meta":"","header-below-stick-meta":"","astra-migrate-meta-layouts":"set","ast-page-background-enabled":"default","ast-page-background-meta":{"desktop":{"background-color":"","background-image":"","background-repeat":"repeat","background-position":"center center","background-size":"auto","background-attachment":"scroll","background-type":"","background-media":"","overlay-type":"","overlay-color":"","overlay-opacity":"","overlay-gradient":""},"tablet":{"background-color":"","background-image":"","background-repeat":"repeat","background-position":"center center","background-size":"auto","background-attachment":"scroll","background-type":"","background-media":"","overlay-type":"","overlay-color":"","overlay-opacity":"","overlay-gradient":""},"mobile":{"background-color":"","background-image":"","background-repeat":"repeat","background-position":"center center","background-size":"auto","background-attachment":"scroll","background-type":"","background-media":"","overlay-type":"","overlay-color":"","overlay-opacity":"","overlay-gradient":""}},"ast-content-background-meta":{"desktop":{"background-color":"var(--ast-global-color-5)","background-image":"","background-repeat":"repeat","background-position":"center center","background-size":"auto","background-attachment":"scroll","background-type":"","background-media":"","overlay-type":"","overlay-color":"","overlay-opacity":"","overlay-gradient":""},"tablet":{"background-color":"var(--ast-global-color-5)","background-image":"","background-repeat":"repeat","background-position":"center center","background-size":"auto","background-attachment":"scroll","background-type":"","background-media":"","overlay-type":"","overlay-color":"","overlay-opacity":"","overlay-gradient":""},"mobile":{"background-color":"var(--ast-global-color-5)","background-image":"","background-repeat":"repeat","background-position":"center center","background-size":"auto","background-attachment":"scroll","background-type":"","background-media":"","overlay-type":"","overlay-color":"","overlay-opacity":"","overlay-gradient":""}},"footnotes":""},"class_list":["post-2199","page","type-page","status-publish","hentry"],"jetpack_sharing_enabled":true,"_links":{"self":[{"href":"https:\/\/www.kakuke.eu\/en\/wp-json\/wp\/v2\/pages\/2199","targetHints":{"allow":["GET"]}}],"collection":[{"href":"https:\/\/www.kakuke.eu\/en\/wp-json\/wp\/v2\/pages"}],"about":[{"href":"https:\/\/www.kakuke.eu\/en\/wp-json\/wp\/v2\/types\/page"}],"author":[{"embeddable":true,"href":"https:\/\/www.kakuke.eu\/en\/wp-json\/wp\/v2\/users\/1"}],"replies":[{"embeddable":true,"href":"https:\/\/www.kakuke.eu\/en\/wp-json\/wp\/v2\/comments?post=2199"}],"version-history":[{"count":5,"href":"https:\/\/www.kakuke.eu\/en\/wp-json\/wp\/v2\/pages\/2199\/revisions"}],"predecessor-version":[{"id":2248,"href":"https:\/\/www.kakuke.eu\/en\/wp-json\/wp\/v2\/pages\/2199\/revisions\/2248"}],"wp:attachment":[{"href":"https:\/\/www.kakuke.eu\/en\/wp-json\/wp\/v2\/media?parent=2199"}],"curies":[{"name":"wp","href":"https:\/\/api.w.org\/{rel}","templated":true}]}}