{"id":3321,"date":"2026-01-19T14:18:17","date_gmt":"2026-01-19T14:18:17","guid":{"rendered":"https:\/\/www.kakuke.eu\/?page_id=3321"},"modified":"2026-01-19T14:27:58","modified_gmt":"2026-01-19T14:27:58","slug":"suvepaevad-harjumaal","status":"publish","type":"page","link":"https:\/\/www.kakuke.eu\/en\/suvepaevad-harjumaal\/","title":{"rendered":"Suvep\u00e4evad Harjumaal"},"content":{"rendered":"<div data-elementor-type=\"wp-page\" data-elementor-id=\"3321\" class=\"elementor elementor-3321\">\n\t\t\t\t\t\t<section class=\"elementor-section elementor-top-section elementor-element elementor-element-0ed3131 elementor-section-boxed elementor-section-height-default elementor-section-height-default\" data-id=\"0ed3131\" data-element_type=\"section\" data-e-type=\"section\">\n\t\t\t\t\t\t<div class=\"elementor-container elementor-column-gap-default\">\n\t\t\t\t\t<div class=\"elementor-column elementor-col-100 elementor-top-column elementor-element elementor-element-7c59ba4\" data-id=\"7c59ba4\" data-element_type=\"column\" data-e-type=\"column\">\n\t\t\t<div class=\"elementor-widget-wrap elementor-element-populated\">\n\t\t\t\t\t\t<div class=\"elementor-element elementor-element-0026113 elementor-widget elementor-widget-heading\" data-id=\"0026113\" data-element_type=\"widget\" data-e-type=\"widget\" data-widget_type=\"heading.default\">\n\t\t\t\t<div class=\"elementor-widget-container\">\n\t\t\t\t\t<h2 class=\"elementor-heading-title elementor-size-default\">K\u00e4esalu m\u00f5isa \u00f5ueala sobib suvep\u00e4evadeks ja suurs\u00fcndmusteks!<\/h2>\t\t\t\t<\/div>\n\t\t\t\t<\/div>\n\t\t\t\t\t<\/div>\n\t\t<\/div>\n\t\t\t\t\t<\/div>\n\t\t<\/section>\n\t\t\t\t<section class=\"elementor-section elementor-top-section elementor-element elementor-element-c44bb16 elementor-section-boxed elementor-section-height-default elementor-section-height-default\" data-id=\"c44bb16\" data-element_type=\"section\" data-e-type=\"section\">\n\t\t\t\t\t\t<div class=\"elementor-container elementor-column-gap-default\">\n\t\t\t\t\t<div class=\"elementor-column elementor-col-50 elementor-top-column elementor-element elementor-element-e697749\" data-id=\"e697749\" data-element_type=\"column\" data-e-type=\"column\">\n\t\t\t<div class=\"elementor-widget-wrap elementor-element-populated\">\n\t\t\t\t\t\t<div class=\"elementor-element elementor-element-960a96d elementor-widget elementor-widget-text-editor\" data-id=\"960a96d\" data-element_type=\"widget\" data-e-type=\"widget\" data-widget_type=\"text-editor.default\">\n\t\t\t\t<div class=\"elementor-widget-container\">\n\t\t\t\t\t\t\t\t\t<p data-start=\"207\" data-end=\"490\">K\u00e4esalu m\u00f5isa pargist leiad ideaalse keskkonna meeskonna suvep\u00e4evade, tiimi\u00fcrituste ja firmapidude korraldamiseks. Avar loodus, m\u00f5isamilj\u00f6\u00f6 ja loominguline \u00f5hkkond pakuvad m\u00f5nusat vaheldust tavap\u00e4rasele keskkonnale ning aitavad meeskonnal p\u00e4riselt koos aega nautida.\u00a0<\/p><p data-start=\"492\" data-end=\"549\">Suvep\u00e4eva programmi saab kujundada just teie meeskonna vajaduste j\u00e4rgi:<\/p><ul><li data-start=\"552\" data-end=\"603\">loovad ja l\u00f5busad <strong data-start=\"570\" data-end=\"600\">kunstitegevused ja t\u00f6\u00f6toad<\/strong>,<\/li><li data-start=\"606\" data-end=\"642\">hoogsad <strong data-start=\"614\" data-end=\"639\">\u00f5uem\u00e4ngud<\/strong>,<\/li><li data-start=\"645\" data-end=\"689\">seminarid, arutelud ja meeskonnategevused,<\/li><li data-start=\"692\" data-end=\"733\"><strong data-start=\"692\" data-end=\"732\">kohvipausid, suupisted ja toitlustus<\/strong>.<\/li><\/ul><p data-start=\"735\" data-end=\"859\">\u00dcritused sobivad nii v\u00e4iksematele tiimidele kui ka kuni 50 osalejaga seltskondadele ning v\u00f5ivad olla pool- v\u00f5i t\u00e4isp\u00e4evased.<\/p><p data-start=\"861\" data-end=\"963\">Too oma tiim m\u00f5isaparki ja kingi neile p\u00e4ev t\u00e4is h\u00e4id emotsioone, loovust ja koosolemise r\u00f5\u00f5mu.<\/p><p data-start=\"861\" data-end=\"963\">M\u00f5isa avar \u00f5ueala pakub palju niidetud pinda, kuhu saab soovi korral p\u00fcstitada telke ning luua eriilmelisi tegevus- ja puhkealasid. T\u00e4nu sellele on v\u00f5imalik K\u00e4esalus korraldada ka kuni 200 osalejaga suvep\u00e4evi ja suuremaid \u00fcritusi.<\/p><p data-start=\"965\" data-end=\"1032\"><strong data-start=\"965\" data-end=\"1032\">K\u00fcsi pakkumist ja loome teie ettev\u00f5ttele meeldej\u00e4\u00e4va suvep\u00e4eva.<\/strong><\/p>\t\t\t\t\t\t\t\t<\/div>\n\t\t\t\t<\/div>\n\t\t\t\t\t<\/div>\n\t\t<\/div>\n\t\t\t\t<div class=\"elementor-column elementor-col-50 elementor-top-column elementor-element elementor-element-d0eb73e\" data-id=\"d0eb73e\" data-element_type=\"column\" data-e-type=\"column\">\n\t\t\t<div class=\"elementor-widget-wrap elementor-element-populated\">\n\t\t\t\t\t\t<div class=\"elementor-element elementor-element-8c70422 elementor-widget elementor-widget-image\" data-id=\"8c70422\" data-element_type=\"widget\" data-e-type=\"widget\" data-widget_type=\"image.default\">\n\t\t\t\t<div class=\"elementor-widget-container\">\n\t\t\t\t\t\t\t\t\t\t\t\t\t\t\t<img fetchpriority=\"high\" decoding=\"async\" width=\"768\" height=\"1024\" src=\"https:\/\/www.kakuke.eu\/wp-content\/uploads\/2025\/01\/FB_IMG_1724611390520-1-768x1024.jpg\" class=\"attachment-large size-large wp-image-2058\" alt=\"K\u00e4esalu M\u00f5isa Oran\u017eerii\" srcset=\"https:\/\/www.kakuke.eu\/wp-content\/uploads\/2025\/01\/FB_IMG_1724611390520-1-768x1024.jpg 768w, https:\/\/www.kakuke.eu\/wp-content\/uploads\/2025\/01\/FB_IMG_1724611390520-1-225x300.jpg 225w, https:\/\/www.kakuke.eu\/wp-content\/uploads\/2025\/01\/FB_IMG_1724611390520-1-9x12.jpg 9w, https:\/\/www.kakuke.eu\/wp-content\/uploads\/2025\/01\/FB_IMG_1724611390520-1-600x800.jpg 600w, https:\/\/www.kakuke.eu\/wp-content\/uploads\/2025\/01\/FB_IMG_1724611390520-1.jpg 1080w\" sizes=\"(max-width: 768px) 100vw, 768px\" \/>\t\t\t\t\t\t\t\t\t\t\t\t\t\t\t<\/div>\n\t\t\t\t<\/div>\n\t\t\t\t\t<\/div>\n\t\t<\/div>\n\t\t\t\t\t<\/div>\n\t\t<\/section>\n\t\t\t\t<\/div>","protected":false},"excerpt":{"rendered":"<p>K\u00e4esalu m\u00f5isa \u00f5ueala sobib suvep\u00e4evadeks ja suurs\u00fcndmusteks! K\u00e4esalu m\u00f5isa pargist leiad ideaalse keskkonna meeskonna suvep\u00e4evade, tiimi\u00fcrituste ja firmapidude korraldamiseks. Avar loodus, m\u00f5isamilj\u00f6\u00f6 ja loominguline \u00f5hkkond pakuvad m\u00f5nusat vaheldust tavap\u00e4rasele keskkonnale ning aitavad meeskonnal p\u00e4riselt koos aega nautida.\u00a0 Suvep\u00e4eva programmi saab kujundada just teie meeskonna vajaduste j\u00e4rgi: loovad ja l\u00f5busad kunstitegevused ja t\u00f6\u00f6toad, hoogsad \u00f5uem\u00e4ngud, seminarid, [&hellip;]<\/p>\n","protected":false},"author":1,"featured_media":0,"parent":0,"menu_order":0,"comment_status":"closed","ping_status":"closed","template":"","meta":{"site-sidebar-layout":"no-sidebar","site-content-layout":"page-builder","ast-site-content-layout":"full-width-container","site-content-style":"default","site-sidebar-style":"default","ast-global-header-display":"","ast-banner-title-visibility":"","ast-main-header-display":"","ast-hfb-above-header-display":"","ast-hfb-below-header-display":"","ast-hfb-mobile-header-display":"","site-post-title":"disabled","ast-breadcrumbs-content":"","ast-featured-img":"disabled","footer-sml-layout":"","theme-transparent-header-meta":"","adv-header-id-meta":"","stick-header-meta":"","header-above-stick-meta":"","header-main-stick-meta":"","header-below-stick-meta":"","astra-migrate-meta-layouts":"set","ast-page-background-enabled":"default","ast-page-background-meta":{"desktop":{"background-color":"","background-image":"","background-repeat":"repeat","background-position":"center center","background-size":"auto","background-attachment":"scroll","background-type":"","background-media":"","overlay-type":"","overlay-color":"","overlay-opacity":"","overlay-gradient":""},"tablet":{"background-color":"","background-image":"","background-repeat":"repeat","background-position":"center center","background-size":"auto","background-attachment":"scroll","background-type":"","background-media":"","overlay-type":"","overlay-color":"","overlay-opacity":"","overlay-gradient":""},"mobile":{"background-color":"","background-image":"","background-repeat":"repeat","background-position":"center center","background-size":"auto","background-attachment":"scroll","background-type":"","background-media":"","overlay-type":"","overlay-color":"","overlay-opacity":"","overlay-gradient":""}},"ast-content-background-meta":{"desktop":{"background-color":"var(--ast-global-color-5)","background-image":"","background-repeat":"repeat","background-position":"center center","background-size":"auto","background-attachment":"scroll","background-type":"","background-media":"","overlay-type":"","overlay-color":"","overlay-opacity":"","overlay-gradient":""},"tablet":{"background-color":"var(--ast-global-color-5)","background-image":"","background-repeat":"repeat","background-position":"center center","background-size":"auto","background-attachment":"scroll","background-type":"","background-media":"","overlay-type":"","overlay-color":"","overlay-opacity":"","overlay-gradient":""},"mobile":{"background-color":"var(--ast-global-color-5)","background-image":"","background-repeat":"repeat","background-position":"center center","background-size":"auto","background-attachment":"scroll","background-type":"","background-media":"","overlay-type":"","overlay-color":"","overlay-opacity":"","overlay-gradient":""}},"footnotes":""},"class_list":["post-3321","page","type-page","status-publish","hentry"],"jetpack_sharing_enabled":true,"_links":{"self":[{"href":"https:\/\/www.kakuke.eu\/en\/wp-json\/wp\/v2\/pages\/3321","targetHints":{"allow":["GET"]}}],"collection":[{"href":"https:\/\/www.kakuke.eu\/en\/wp-json\/wp\/v2\/pages"}],"about":[{"href":"https:\/\/www.kakuke.eu\/en\/wp-json\/wp\/v2\/types\/page"}],"author":[{"embeddable":true,"href":"https:\/\/www.kakuke.eu\/en\/wp-json\/wp\/v2\/users\/1"}],"replies":[{"embeddable":true,"href":"https:\/\/www.kakuke.eu\/en\/wp-json\/wp\/v2\/comments?post=3321"}],"version-history":[{"count":5,"href":"https:\/\/www.kakuke.eu\/en\/wp-json\/wp\/v2\/pages\/3321\/revisions"}],"predecessor-version":[{"id":3329,"href":"https:\/\/www.kakuke.eu\/en\/wp-json\/wp\/v2\/pages\/3321\/revisions\/3329"}],"wp:attachment":[{"href":"https:\/\/www.kakuke.eu\/en\/wp-json\/wp\/v2\/media?parent=3321"}],"curies":[{"name":"wp","href":"https:\/\/api.w.org\/{rel}","templated":true}]}}