{"id":507,"date":"2018-11-26T12:46:44","date_gmt":"2018-11-26T12:46:44","guid":{"rendered":"https:\/\/www.kakuke.eu\/projects\/"},"modified":"2026-01-19T14:32:28","modified_gmt":"2026-01-19T14:32:28","slug":"rent","status":"publish","type":"page","link":"https:\/\/www.kakuke.eu\/en\/rent\/","title":{"rendered":"Rent"},"content":{"rendered":"<div data-elementor-type=\"wp-post\" data-elementor-id=\"507\" class=\"elementor elementor-507\">\n\t\t\t\t\t\t<section class=\"elementor-section elementor-top-section elementor-element elementor-element-8e491de elementor-section-content-space-between elementor-section-boxed elementor-section-height-default elementor-section-height-default\" data-id=\"8e491de\" data-element_type=\"section\" data-e-type=\"section\" data-settings=\"{&quot;background_background&quot;:&quot;classic&quot;}\">\n\t\t\t\t\t\t\t<div class=\"elementor-background-overlay\"><\/div>\n\t\t\t\t\t\t\t<div class=\"elementor-container elementor-column-gap-no\">\n\t\t\t\t\t<div class=\"elementor-column elementor-col-100 elementor-top-column elementor-element elementor-element-fb027eb\" data-id=\"fb027eb\" data-element_type=\"column\" data-e-type=\"column\">\n\t\t\t<div class=\"elementor-widget-wrap elementor-element-populated\">\n\t\t\t\t\t\t<div class=\"elementor-element elementor-element-02d282c elementor-widget elementor-widget-heading\" data-id=\"02d282c\" data-element_type=\"widget\" data-e-type=\"widget\" data-widget_type=\"heading.default\">\n\t\t\t\t<div class=\"elementor-widget-container\">\n\t\t\t\t\t<h1 class=\"elementor-heading-title elementor-size-default\">Event Venue <\/h1>\t\t\t\t<\/div>\n\t\t\t\t<\/div>\n\t\t\t\t\t<\/div>\n\t\t<\/div>\n\t\t\t\t\t<\/div>\n\t\t<\/section>\n\t\t\t\t<section class=\"elementor-section elementor-top-section elementor-element elementor-element-deacf28 elementor-section-content-top elementor-section-boxed elementor-section-height-default elementor-section-height-default\" data-id=\"deacf28\" data-element_type=\"section\" data-e-type=\"section\" data-settings=\"{&quot;background_background&quot;:&quot;classic&quot;}\">\n\t\t\t\t\t\t<div class=\"elementor-container elementor-column-gap-no\">\n\t\t\t\t\t<div class=\"elementor-column elementor-col-50 elementor-top-column elementor-element elementor-element-532b1a3\" data-id=\"532b1a3\" data-element_type=\"column\" data-e-type=\"column\">\n\t\t\t<div class=\"elementor-widget-wrap elementor-element-populated\">\n\t\t\t\t\t\t<div class=\"elementor-element elementor-element-c08a795 elementor-position-top elementor-widget elementor-widget-image-box\" data-id=\"c08a795\" data-element_type=\"widget\" data-e-type=\"widget\" data-widget_type=\"image-box.default\">\n\t\t\t\t<div class=\"elementor-widget-container\">\n\t\t\t\t\t<div class=\"elementor-image-box-wrapper\"><figure class=\"elementor-image-box-img\"><a href=\"https:\/\/www.kakuke.eu\/en\/pulmad\/\" tabindex=\"-1\"><img fetchpriority=\"high\" decoding=\"async\" width=\"1024\" height=\"593\" src=\"https:\/\/www.kakuke.eu\/wp-content\/uploads\/2023\/11\/heart-529607_1280-e1736085708347-1024x593.jpg\" class=\"attachment-large size-large wp-image-720\" alt=\"\" srcset=\"https:\/\/www.kakuke.eu\/wp-content\/uploads\/2023\/11\/heart-529607_1280-e1736085708347-1024x593.jpg 1024w, https:\/\/www.kakuke.eu\/wp-content\/uploads\/2023\/11\/heart-529607_1280-e1736085708347-600x348.jpg 600w, https:\/\/www.kakuke.eu\/wp-content\/uploads\/2023\/11\/heart-529607_1280-e1736085708347-300x174.jpg 300w, https:\/\/www.kakuke.eu\/wp-content\/uploads\/2023\/11\/heart-529607_1280-e1736085708347-768x445.jpg 768w, https:\/\/www.kakuke.eu\/wp-content\/uploads\/2023\/11\/heart-529607_1280-e1736085708347-18x10.jpg 18w, https:\/\/www.kakuke.eu\/wp-content\/uploads\/2023\/11\/heart-529607_1280-e1736085708347.jpg 1260w\" sizes=\"(max-width: 1024px) 100vw, 1024px\" \/><\/a><\/figure><div class=\"elementor-image-box-content\"><h4 class=\"elementor-image-box-title\"><a href=\"https:\/\/www.kakuke.eu\/en\/pulmad\/\">Weddings<\/a><\/h4><p class=\"elementor-image-box-description\">Your guests will have access to light-filled rooms decorated with artwork, which, even with simple wedding decor, transform into a truly romantic setting! You will have exclusive use of the Orangery and the surrounding park, where you can, if desired, register your marriage, hold photo sessions, or play lawn games with your guests. You can arrange catering with your favorite catering company or use our trusted partners. <\/p><\/div><\/div>\t\t\t\t<\/div>\n\t\t\t\t<\/div>\n\t\t\t\t<div class=\"elementor-element elementor-element-2ff04ef elementor-widget elementor-widget-heading\" data-id=\"2ff04ef\" data-element_type=\"widget\" data-e-type=\"widget\" data-widget_type=\"heading.default\">\n\t\t\t\t<div class=\"elementor-widget-container\">\n\t\t\t\t\t<h4 class=\"elementor-heading-title elementor-size-default\"><a href=\"https:\/\/www.kakuke.eu\/en\/pulmad\/\">Click here, to find more information<\/a><\/h4>\t\t\t\t<\/div>\n\t\t\t\t<\/div>\n\t\t\t\t\t<\/div>\n\t\t<\/div>\n\t\t\t\t<div class=\"elementor-column elementor-col-50 elementor-top-column elementor-element elementor-element-783a841\" data-id=\"783a841\" data-element_type=\"column\" data-e-type=\"column\">\n\t\t\t<div class=\"elementor-widget-wrap elementor-element-populated\">\n\t\t\t\t\t\t<div class=\"elementor-element elementor-element-91d7a6b elementor-position-top elementor-widget elementor-widget-image-box\" data-id=\"91d7a6b\" data-element_type=\"widget\" data-e-type=\"widget\" data-widget_type=\"image-box.default\">\n\t\t\t\t<div class=\"elementor-widget-container\">\n\t\t\t\t\t<div class=\"elementor-image-box-wrapper\"><figure class=\"elementor-image-box-img\"><a href=\"https:\/\/www.kakuke.eu\/en\/juubelid\/\" tabindex=\"-1\"><img decoding=\"async\" width=\"768\" height=\"432\" src=\"https:\/\/www.kakuke.eu\/wp-content\/uploads\/2024\/06\/20240611_153816-768x432.jpg\" class=\"attachment-medium_large size-medium_large wp-image-1509\" alt=\"K\u00e4esalu Kasvuhoone,\" srcset=\"https:\/\/www.kakuke.eu\/wp-content\/uploads\/2024\/06\/20240611_153816-768x432.jpg 768w, https:\/\/www.kakuke.eu\/wp-content\/uploads\/2024\/06\/20240611_153816-scaled-600x338.jpg 600w, https:\/\/www.kakuke.eu\/wp-content\/uploads\/2024\/06\/20240611_153816-300x169.jpg 300w, https:\/\/www.kakuke.eu\/wp-content\/uploads\/2024\/06\/20240611_153816-1024x576.jpg 1024w, https:\/\/www.kakuke.eu\/wp-content\/uploads\/2024\/06\/20240611_153816-1536x864.jpg 1536w, https:\/\/www.kakuke.eu\/wp-content\/uploads\/2024\/06\/20240611_153816-2048x1152.jpg 2048w, https:\/\/www.kakuke.eu\/wp-content\/uploads\/2024\/06\/20240611_153816-18x10.jpg 18w\" sizes=\"(max-width: 768px) 100vw, 768px\" \/><\/a><\/figure><div class=\"elementor-image-box-content\"><h4 class=\"elementor-image-box-title\"><a href=\"https:\/\/www.kakuke.eu\/en\/juubelid\/\">Anniversaries and Special Occasions<\/a><\/h4><p class=\"elementor-image-box-description\">Kui soovid oma s\u00fcnnip\u00e4eva v\u00f5i juubelit eriliseks muuta, siis K\u00e4esalu Kunstikeskus on selleks just ideaalne koht! Siinsed kaunid ruumid, seintel ehe kunst, seinte taga p\u00e4ris linnulaul ja looduse ilu ... see k\u00f5ik on Sinu ja Sinu k\u00fclaliste kasutuses. Lisaks m\u00f5nusale peolauale v\u00f5id pakkuda k\u00fclalistele koos kunsti loomise emotsiooni. S\u00fcnnip\u00e4ev K\u00e4esalus j\u00e4\u00e4b sooja m\u00e4lestusena aastateks s\u00fcdametesse!<\/p><\/div><\/div>\t\t\t\t<\/div>\n\t\t\t\t<\/div>\n\t\t\t\t<div class=\"elementor-element elementor-element-caa1e67 elementor-widget__width-initial elementor-widget elementor-widget-heading\" data-id=\"caa1e67\" data-element_type=\"widget\" data-e-type=\"widget\" data-widget_type=\"heading.default\">\n\t\t\t\t<div class=\"elementor-widget-container\">\n\t\t\t\t\t<h4 class=\"elementor-heading-title elementor-size-default\"><a href=\"https:\/\/www.kakuke.eu\/en\/juubelid\/\">Click here, to find more information <\/a><\/h4>\t\t\t\t<\/div>\n\t\t\t\t<\/div>\n\t\t\t\t\t<\/div>\n\t\t<\/div>\n\t\t\t\t\t<\/div>\n\t\t<\/section>\n\t\t\t\t<section class=\"elementor-section elementor-top-section elementor-element elementor-element-c38d6b7 elementor-section-content-top elementor-section-boxed elementor-section-height-default elementor-section-height-default\" data-id=\"c38d6b7\" data-element_type=\"section\" data-e-type=\"section\" data-settings=\"{&quot;background_background&quot;:&quot;classic&quot;}\">\n\t\t\t\t\t\t<div class=\"elementor-container elementor-column-gap-no\">\n\t\t\t\t\t<div class=\"elementor-column elementor-col-50 elementor-top-column elementor-element elementor-element-18dd7e8\" data-id=\"18dd7e8\" data-element_type=\"column\" data-e-type=\"column\">\n\t\t\t<div class=\"elementor-widget-wrap elementor-element-populated\">\n\t\t\t\t\t\t<div class=\"elementor-element elementor-element-4348f6f elementor-position-top elementor-widget elementor-widget-image-box\" data-id=\"4348f6f\" data-element_type=\"widget\" data-e-type=\"widget\" data-widget_type=\"image-box.default\">\n\t\t\t\t<div class=\"elementor-widget-container\">\n\t\t\t\t\t<div class=\"elementor-image-box-wrapper\"><figure class=\"elementor-image-box-img\"><a href=\"https:\/\/www.kakuke.eu\/en\/seminarid-ja-koosolekud\/\" tabindex=\"-1\"><img decoding=\"async\" width=\"768\" height=\"576\" src=\"https:\/\/www.kakuke.eu\/wp-content\/uploads\/2026\/01\/20250830_100038-768x576.jpg\" class=\"attachment-medium_large size-medium_large wp-image-3285\" alt=\"Seminar K\u00e4esalu m\u00f5isas\" srcset=\"https:\/\/www.kakuke.eu\/wp-content\/uploads\/2026\/01\/20250830_100038-768x576.jpg 768w, https:\/\/www.kakuke.eu\/wp-content\/uploads\/2026\/01\/20250830_100038-300x225.jpg 300w, https:\/\/www.kakuke.eu\/wp-content\/uploads\/2026\/01\/20250830_100038-1024x768.jpg 1024w, https:\/\/www.kakuke.eu\/wp-content\/uploads\/2026\/01\/20250830_100038-1536x1152.jpg 1536w, https:\/\/www.kakuke.eu\/wp-content\/uploads\/2026\/01\/20250830_100038-2048x1536.jpg 2048w, https:\/\/www.kakuke.eu\/wp-content\/uploads\/2026\/01\/20250830_100038-16x12.jpg 16w\" sizes=\"(max-width: 768px) 100vw, 768px\" \/><\/a><\/figure><div class=\"elementor-image-box-content\"><h4 class=\"elementor-image-box-title\"><a href=\"https:\/\/www.kakuke.eu\/en\/seminarid-ja-koosolekud\/\">Seminars and Meetings<\/a><\/h4><p class=\"elementor-image-box-description\">To think outside the box, you need to get out of the box yourself! Come and experience with your team how the aesthetics of art and nature can transform even the most routine topics into something more creative, uplifting, and productive. Here, you'll find seminar rooms for up to 60 participants, as well as a rich selection of workshops and other activities that will get your team in sync and working together.\n\nCome with your department, work group, or even the entire company!<\/p><\/div><\/div>\t\t\t\t<\/div>\n\t\t\t\t<\/div>\n\t\t\t\t<div class=\"elementor-element elementor-element-dd8bcf3 elementor-widget elementor-widget-heading\" data-id=\"dd8bcf3\" data-element_type=\"widget\" data-e-type=\"widget\" data-widget_type=\"heading.default\">\n\t\t\t\t<div class=\"elementor-widget-container\">\n\t\t\t\t\t<h4 class=\"elementor-heading-title elementor-size-default\"><a href=\"https:\/\/www.kakuke.eu\/en\/seminarid-ja-koosolekud\/\">Seminari v\u00f5i koosoleku info on siin<\/a><\/h4>\t\t\t\t<\/div>\n\t\t\t\t<\/div>\n\t\t\t\t\t<\/div>\n\t\t<\/div>\n\t\t\t\t<div class=\"elementor-column elementor-col-50 elementor-top-column elementor-element elementor-element-f9e4bcc\" data-id=\"f9e4bcc\" data-element_type=\"column\" data-e-type=\"column\">\n\t\t\t<div class=\"elementor-widget-wrap elementor-element-populated\">\n\t\t\t\t\t\t<div class=\"elementor-element elementor-element-f7fa3e7 elementor-widget elementor-widget-image\" data-id=\"f7fa3e7\" data-element_type=\"widget\" data-e-type=\"widget\" data-widget_type=\"image.default\">\n\t\t\t\t<div class=\"elementor-widget-container\">\n\t\t\t\t\t\t\t\t\t\t\t\t\t\t\t\t<a href=\"https:\/\/www.kakuke.eu\/en\/suvepaevad-harjumaal\/\">\n\t\t\t\t\t\t\t<img loading=\"lazy\" decoding=\"async\" width=\"1024\" height=\"768\" src=\"https:\/\/www.kakuke.eu\/wp-content\/uploads\/2026\/01\/20250525_124741-1024x768.jpg\" class=\"attachment-large size-large wp-image-3287\" alt=\"Seminar, suvep\u00e4ev meeskonnat\u00f6\u00f6\" srcset=\"https:\/\/www.kakuke.eu\/wp-content\/uploads\/2026\/01\/20250525_124741-1024x768.jpg 1024w, https:\/\/www.kakuke.eu\/wp-content\/uploads\/2026\/01\/20250525_124741-300x225.jpg 300w, https:\/\/www.kakuke.eu\/wp-content\/uploads\/2026\/01\/20250525_124741-768x576.jpg 768w, https:\/\/www.kakuke.eu\/wp-content\/uploads\/2026\/01\/20250525_124741-1536x1152.jpg 1536w, https:\/\/www.kakuke.eu\/wp-content\/uploads\/2026\/01\/20250525_124741-2048x1536.jpg 2048w, https:\/\/www.kakuke.eu\/wp-content\/uploads\/2026\/01\/20250525_124741-16x12.jpg 16w\" sizes=\"(max-width: 1024px) 100vw, 1024px\" \/>\t\t\t\t\t\t\t\t<\/a>\n\t\t\t\t\t\t\t\t\t\t\t\t\t\t\t<\/div>\n\t\t\t\t<\/div>\n\t\t\t\t<div class=\"elementor-element elementor-element-2c64b74 elementor-widget elementor-widget-heading\" data-id=\"2c64b74\" data-element_type=\"widget\" data-e-type=\"widget\" data-widget_type=\"heading.default\">\n\t\t\t\t<div class=\"elementor-widget-container\">\n\t\t\t\t\t<h4 class=\"elementor-heading-title elementor-size-default\">Suvep\u00e4evad K\u00e4esalu m\u00f5isas<\/h4>\t\t\t\t<\/div>\n\t\t\t\t<\/div>\n\t\t\t\t<div class=\"elementor-element elementor-element-f340701 elementor-widget elementor-widget-text-editor\" data-id=\"f340701\" data-element_type=\"widget\" data-e-type=\"widget\" data-widget_type=\"text-editor.default\">\n\t\t\t\t<div class=\"elementor-widget-container\">\n\t\t\t\t\t\t\t\t\t<p>K\u00e4esalu m\u00f5isapark ja oran\u017eerii pakub m\u00f5nusat ja loodusl\u00e4hedast keskkonda ettev\u00f5tete suvep\u00e4evade, tiimi\u00fcrituste ja firmapidude korraldamiseks. Siin saavad kokku kaunis milj\u00f6\u00f6, avar \u00f5ueala ja loominguline \u00f5hkkond, mis loovad ideaalsed tingimused meeldej\u00e4\u00e4vaks koosolemiseks.<\/p>\t\t\t\t\t\t\t\t<\/div>\n\t\t\t\t<\/div>\n\t\t\t\t<div class=\"elementor-element elementor-element-ce59edd elementor-widget elementor-widget-heading\" data-id=\"ce59edd\" data-element_type=\"widget\" data-e-type=\"widget\" data-widget_type=\"heading.default\">\n\t\t\t\t<div class=\"elementor-widget-container\">\n\t\t\t\t\t<h4 class=\"elementor-heading-title elementor-size-default\"><a href=\"https:\/\/www.kakuke.eu\/en\/suvepaevad-harjumaal\/\">Lisainfo <\/a><\/h4>\t\t\t\t<\/div>\n\t\t\t\t<\/div>\n\t\t\t\t\t<\/div>\n\t\t<\/div>\n\t\t\t\t\t<\/div>\n\t\t<\/section>\n\t\t\t\t<section class=\"elementor-section elementor-top-section elementor-element elementor-element-9fa7c4d elementor-section-boxed elementor-section-height-default elementor-section-height-default\" data-id=\"9fa7c4d\" data-element_type=\"section\" data-e-type=\"section\">\n\t\t\t\t\t\t<div class=\"elementor-container elementor-column-gap-default\">\n\t\t\t\t\t<div class=\"elementor-column elementor-col-50 elementor-top-column elementor-element elementor-element-e00bcb5\" data-id=\"e00bcb5\" data-element_type=\"column\" data-e-type=\"column\">\n\t\t\t<div class=\"elementor-widget-wrap\">\n\t\t\t\t\t\t\t<\/div>\n\t\t<\/div>\n\t\t\t\t<div class=\"elementor-column elementor-col-50 elementor-top-column elementor-element elementor-element-9946431\" data-id=\"9946431\" data-element_type=\"column\" data-e-type=\"column\">\n\t\t\t<div class=\"elementor-widget-wrap elementor-element-populated\">\n\t\t\t\t\t\t<div class=\"elementor-element elementor-element-39fe420 elementor-widget__width-initial elementor-position-top elementor-widget elementor-widget-image-box\" data-id=\"39fe420\" data-element_type=\"widget\" data-e-type=\"widget\" data-widget_type=\"image-box.default\">\n\t\t\t\t<div class=\"elementor-widget-container\">\n\t\t\t\t\t<div class=\"elementor-image-box-wrapper\"><figure class=\"elementor-image-box-img\"><img decoding=\"async\" src=\"https:\/\/www.kakuke.eu\/wp-content\/uploads\/2023\/12\/daisies-1466851_1280.jpg\" title=\"daisies-1466851_1280\" alt=\"Image by Jill Wellington from Pixabay\" loading=\"lazy\" \/><\/figure><div class=\"elementor-image-box-content\"><h4 class=\"elementor-image-box-title\">Picnic Package for Enjoying Nature and Art<\/h4><p class=\"elementor-image-box-description\">Enjoy a relaxing day in nature with our special picnic offer! We provide a delicious basket filled with fresh and tasty treats, perfect for enjoying in the great outdoors. Whether it's a romantic moment for two or a fun family picnic, our picnic offer will fill your day with flavorful experiences and joy. Discover new tastes, breathe in the fresh air, and create unforgettable memories in the park of K\u00e4esalu Manor!<br><br><\/p><\/div><\/div>\t\t\t\t<\/div>\n\t\t\t\t<\/div>\n\t\t\t\t<div class=\"elementor-element elementor-element-c1ce5d9 elementor-widget elementor-widget-button\" data-id=\"c1ce5d9\" data-element_type=\"widget\" data-e-type=\"widget\" data-widget_type=\"button.default\">\n\t\t\t\t<div class=\"elementor-widget-container\">\n\t\t\t\t\t\t\t\t\t<div class=\"elementor-button-wrapper\">\n\t\t\t\t\t<a class=\"elementor-button elementor-button-link elementor-size-sm\" href=\"https:\/\/live.touringery.ee\/6839a56\/piknikupakett\/\">\n\t\t\t\t\t\t<span class=\"elementor-button-content-wrapper\">\n\t\t\t\t\t\t\t\t\t<span class=\"elementor-button-text\">Broneeri piknik siit<\/span>\n\t\t\t\t\t<\/span>\n\t\t\t\t\t<\/a>\n\t\t\t\t<\/div>\n\t\t\t\t\t\t\t\t<\/div>\n\t\t\t\t<\/div>\n\t\t\t\t\t<\/div>\n\t\t<\/div>\n\t\t\t\t\t<\/div>\n\t\t<\/section>\n\t\t\t\t<section class=\"elementor-section elementor-top-section elementor-element elementor-element-365bb8c elementor-section-content-middle elementor-section-boxed elementor-section-height-default elementor-section-height-default\" data-id=\"365bb8c\" data-element_type=\"section\" data-e-type=\"section\" data-settings=\"{&quot;background_background&quot;:&quot;classic&quot;}\">\n\t\t\t\t\t\t<div class=\"elementor-container elementor-column-gap-default\">\n\t\t\t\t\t<div class=\"elementor-column elementor-col-50 elementor-top-column elementor-element elementor-element-0bc2a91\" data-id=\"0bc2a91\" data-element_type=\"column\" data-e-type=\"column\">\n\t\t\t<div class=\"elementor-widget-wrap elementor-element-populated\">\n\t\t\t\t\t\t<div class=\"elementor-element elementor-element-a8404f2 elementor-widget elementor-widget-heading\" data-id=\"a8404f2\" data-element_type=\"widget\" data-e-type=\"widget\" data-widget_type=\"heading.default\">\n\t\t\t\t<div class=\"elementor-widget-container\">\n\t\t\t\t\t<h3 class=\"elementor-heading-title elementor-size-default\">We are here to create unforgettable moments for you!<\/h3>\t\t\t\t<\/div>\n\t\t\t\t<\/div>\n\t\t\t\t\t<\/div>\n\t\t<\/div>\n\t\t\t\t<div class=\"elementor-column elementor-col-50 elementor-top-column elementor-element elementor-element-c6bc2cc\" data-id=\"c6bc2cc\" data-element_type=\"column\" data-e-type=\"column\">\n\t\t\t<div class=\"elementor-widget-wrap elementor-element-populated\">\n\t\t\t\t\t\t<div class=\"elementor-element elementor-element-a9ece18 elementor-align-right elementor-mobile-align-center elementor-widget elementor-widget-button\" data-id=\"a9ece18\" data-element_type=\"widget\" data-e-type=\"widget\" data-widget_type=\"button.default\">\n\t\t\t\t<div class=\"elementor-widget-container\">\n\t\t\t\t\t\t\t\t\t<div class=\"elementor-button-wrapper\">\n\t\t\t\t\t<a class=\"elementor-button elementor-button-link elementor-size-sm\" href=\"https:\/\/www.kakuke.eu\/en\/contact\/\">\n\t\t\t\t\t\t<span class=\"elementor-button-content-wrapper\">\n\t\t\t\t\t\t\t\t\t<span class=\"elementor-button-text\">V\u00f5ta meiega \u00fchendust<\/span>\n\t\t\t\t\t<\/span>\n\t\t\t\t\t<\/a>\n\t\t\t\t<\/div>\n\t\t\t\t\t\t\t\t<\/div>\n\t\t\t\t<\/div>\n\t\t\t\t\t<\/div>\n\t\t<\/div>\n\t\t\t\t\t<\/div>\n\t\t<\/section>\n\t\t\t\t<section class=\"elementor-section elementor-top-section elementor-element elementor-element-d0f77f8 elementor-section-boxed elementor-section-height-default elementor-section-height-default\" data-id=\"d0f77f8\" data-element_type=\"section\" data-e-type=\"section\">\n\t\t\t\t\t\t<div class=\"elementor-container elementor-column-gap-default\">\n\t\t\t\t\t<div class=\"elementor-column elementor-col-100 elementor-top-column elementor-element elementor-element-b640b8c\" data-id=\"b640b8c\" data-element_type=\"column\" data-e-type=\"column\">\n\t\t\t<div class=\"elementor-widget-wrap\">\n\t\t\t\t\t\t\t<\/div>\n\t\t<\/div>\n\t\t\t\t\t<\/div>\n\t\t<\/section>\n\t\t\t\t<\/div>","protected":false},"excerpt":{"rendered":"<p>Ruumide rent Pulmad Teie k\u00fclaliste kasutuses on kunstiteostega kaunistatud valgusk\u00fcllased ruumid, mis juba lihtsama pulmadekoori all muutuvad t\u00f5eliselt romantiliseks! Teie kasutuses on Oran\u017eerii ning seda \u00fcmbritsev park, kus saate soovi korral oma abielu registreerida, teha pildisessioone v\u00f5i koos k\u00fclalistega m\u00e4ngida \u00fchiseid murum\u00e4nge. Toitlustama v\u00f5ite paluda oma lemmik Catering firma v\u00f5i kasutada meie h\u00e4id koost\u00f6\u00f6partnereid. Klikkides [&hellip;]<\/p>\n","protected":false},"author":1,"featured_media":0,"parent":0,"menu_order":0,"comment_status":"closed","ping_status":"closed","template":"","meta":{"site-sidebar-layout":"no-sidebar","site-content-layout":"page-builder","ast-site-content-layout":"","site-content-style":"default","site-sidebar-style":"default","ast-global-header-display":"","ast-banner-title-visibility":"","ast-main-header-display":"","ast-hfb-above-header-display":"","ast-hfb-below-header-display":"","ast-hfb-mobile-header-display":"","site-post-title":"disabled","ast-breadcrumbs-content":"","ast-featured-img":"disabled","footer-sml-layout":"","theme-transparent-header-meta":"enabled","adv-header-id-meta":"","stick-header-meta":"","header-above-stick-meta":"","header-main-stick-meta":"","header-below-stick-meta":"","astra-migrate-meta-layouts":"default","ast-page-background-enabled":"default","ast-page-background-meta":{"desktop":{"background-color":"","background-image":"","background-repeat":"repeat","background-position":"center center","background-size":"auto","background-attachment":"scroll","background-type":"","background-media":"","overlay-type":"","overlay-color":"","overlay-opacity":"","overlay-gradient":""},"tablet":{"background-color":"","background-image":"","background-repeat":"repeat","background-position":"center center","background-size":"auto","background-attachment":"scroll","background-type":"","background-media":"","overlay-type":"","overlay-color":"","overlay-opacity":"","overlay-gradient":""},"mobile":{"background-color":"","background-image":"","background-repeat":"repeat","background-position":"center center","background-size":"auto","background-attachment":"scroll","background-type":"","background-media":"","overlay-type":"","overlay-color":"","overlay-opacity":"","overlay-gradient":""}},"ast-content-background-meta":{"desktop":{"background-color":"var(--ast-global-color-5)","background-image":"","background-repeat":"repeat","background-position":"center center","background-size":"auto","background-attachment":"scroll","background-type":"","background-media":"","overlay-type":"","overlay-color":"","overlay-opacity":"","overlay-gradient":""},"tablet":{"background-color":"var(--ast-global-color-5)","background-image":"","background-repeat":"repeat","background-position":"center center","background-size":"auto","background-attachment":"scroll","background-type":"","background-media":"","overlay-type":"","overlay-color":"","overlay-opacity":"","overlay-gradient":""},"mobile":{"background-color":"var(--ast-global-color-5)","background-image":"","background-repeat":"repeat","background-position":"center center","background-size":"auto","background-attachment":"scroll","background-type":"","background-media":"","overlay-type":"","overlay-color":"","overlay-opacity":"","overlay-gradient":""}},"footnotes":""},"class_list":["post-507","page","type-page","status-publish","hentry"],"jetpack_sharing_enabled":true,"_links":{"self":[{"href":"https:\/\/www.kakuke.eu\/en\/wp-json\/wp\/v2\/pages\/507","targetHints":{"allow":["GET"]}}],"collection":[{"href":"https:\/\/www.kakuke.eu\/en\/wp-json\/wp\/v2\/pages"}],"about":[{"href":"https:\/\/www.kakuke.eu\/en\/wp-json\/wp\/v2\/types\/page"}],"author":[{"embeddable":true,"href":"https:\/\/www.kakuke.eu\/en\/wp-json\/wp\/v2\/users\/1"}],"replies":[{"embeddable":true,"href":"https:\/\/www.kakuke.eu\/en\/wp-json\/wp\/v2\/comments?post=507"}],"version-history":[{"count":5,"href":"https:\/\/www.kakuke.eu\/en\/wp-json\/wp\/v2\/pages\/507\/revisions"}],"predecessor-version":[{"id":3338,"href":"https:\/\/www.kakuke.eu\/en\/wp-json\/wp\/v2\/pages\/507\/revisions\/3338"}],"wp:attachment":[{"href":"https:\/\/www.kakuke.eu\/en\/wp-json\/wp\/v2\/media?parent=507"}],"curies":[{"name":"wp","href":"https:\/\/api.w.org\/{rel}","templated":true}]}}