{"id":689,"date":"2023-11-12T12:06:23","date_gmt":"2023-11-12T12:06:23","guid":{"rendered":"https:\/\/www.kakuke.eu\/?page_id=689"},"modified":"2023-11-19T13:55:06","modified_gmt":"2023-11-19T13:55:06","slug":"kulastuse-reeglid","status":"publish","type":"page","link":"https:\/\/www.kakuke.eu\/en\/kulastuse-reeglid\/","title":{"rendered":"K\u00fclastuse reeglid"},"content":{"rendered":"<div data-elementor-type=\"wp-page\" data-elementor-id=\"689\" class=\"elementor elementor-689\">\n\t\t\t\t\t\t<section class=\"elementor-section elementor-top-section elementor-element elementor-element-ebc073d elementor-section-boxed elementor-section-height-default elementor-section-height-default\" data-id=\"ebc073d\" data-element_type=\"section\" data-e-type=\"section\">\n\t\t\t\t\t\t<div class=\"elementor-container elementor-column-gap-default\">\n\t\t\t\t\t<div class=\"elementor-column elementor-col-100 elementor-top-column elementor-element elementor-element-c963e7a\" data-id=\"c963e7a\" data-element_type=\"column\" data-e-type=\"column\">\n\t\t\t<div class=\"elementor-widget-wrap elementor-element-populated\">\n\t\t\t\t\t\t<div class=\"elementor-element elementor-element-b98f3cb elementor-widget elementor-widget-heading\" data-id=\"b98f3cb\" data-element_type=\"widget\" data-e-type=\"widget\" data-widget_type=\"heading.default\">\n\t\t\t\t<div class=\"elementor-widget-container\">\n\t\t\t\t\t<h2 class=\"elementor-heading-title elementor-size-default\"><h2 data-elementor-setting-key=\"title\" data-pen-placeholder=\"Type Here...\" style=\"font-size: 2.26667rem;font-style: normal\">Reeglid ja ohud <\/h2><\/h2>\t\t\t\t<\/div>\n\t\t\t\t<\/div>\n\t\t\t\t\t<\/div>\n\t\t<\/div>\n\t\t\t\t\t<\/div>\n\t\t<\/section>\n\t\t\t\t<section class=\"elementor-section elementor-top-section elementor-element elementor-element-a405afe elementor-section-boxed elementor-section-height-default elementor-section-height-default\" data-id=\"a405afe\" data-element_type=\"section\" data-e-type=\"section\">\n\t\t\t\t\t\t<div class=\"elementor-container elementor-column-gap-default\">\n\t\t\t\t\t<div class=\"elementor-column elementor-col-66 elementor-top-column elementor-element elementor-element-ccbb01e\" data-id=\"ccbb01e\" data-element_type=\"column\" data-e-type=\"column\">\n\t\t\t<div class=\"elementor-widget-wrap elementor-element-populated\">\n\t\t\t\t\t\t<div class=\"elementor-element elementor-element-eb02bd7 elementor-widget elementor-widget-text-editor\" data-id=\"eb02bd7\" data-element_type=\"widget\" data-e-type=\"widget\" data-widget_type=\"text-editor.default\">\n\t\t\t\t<div class=\"elementor-widget-container\">\n\t\t\t\t\t\t\t\t\t<p>Hoia ja austa loodust ning hoia end!<\/p><p>\u00c4ra viska maha\/tiiki konisid, paberit jm prahti<\/p><p>Pargis on t\u00f5eline elusloodus: siin v\u00f5id kohata s\u00e4\u00e4ski, mesilasi, herilasi, vapsikuid, puuke, nastikuid ja r\u00e4stikuid. Kasuta vastavaid putukate peletamise &#8220;l\u00f5hnavaid vahendeid&#8221; et ennast hoida putukahammustuste eest ning k\u00f5rges rohus k\u00e4ies vaata jalgeette.<\/p><p>Pargis leidub vanu puid, mis suure tuule ja tormi korral v\u00f5ivad murduda. Seega tuulise ilmaga j\u00e4lgi, et Sinu teel v\u00f5i piknikuplatsil ei oleks puu alla j\u00e4\u00e4mise ohtu.\u00a0<\/p><p>H\u00e4sti k\u00e4ituvad koduloomad on lubatud ja oodatud, kuid nende loomade &#8220;loomulikud tagaj\u00e4rjed&#8221; koristab looma valdaja.\u00a0<\/p>\t\t\t\t\t\t\t\t<\/div>\n\t\t\t\t<\/div>\n\t\t\t\t\t<\/div>\n\t\t<\/div>\n\t\t\t\t<div class=\"elementor-column elementor-col-33 elementor-top-column elementor-element elementor-element-3e029e6\" data-id=\"3e029e6\" data-element_type=\"column\" data-e-type=\"column\">\n\t\t\t<div class=\"elementor-widget-wrap elementor-element-populated\">\n\t\t\t\t\t\t<div class=\"elementor-element elementor-element-66017fe elementor-widget elementor-widget-image\" data-id=\"66017fe\" data-element_type=\"widget\" data-e-type=\"widget\" data-widget_type=\"image.default\">\n\t\t\t\t<div class=\"elementor-widget-container\">\n\t\t\t\t\t\t\t\t\t\t\t\t\t\t\t<img fetchpriority=\"high\" decoding=\"async\" width=\"1024\" height=\"683\" src=\"https:\/\/www.kakuke.eu\/wp-content\/uploads\/2022\/10\/IMG_0704-1024x683.jpg\" class=\"attachment-large size-large wp-image-545\" alt=\"\" srcset=\"https:\/\/www.kakuke.eu\/wp-content\/uploads\/2022\/10\/IMG_0704-1024x683.jpg 1024w, https:\/\/www.kakuke.eu\/wp-content\/uploads\/2022\/10\/IMG_0704-scaled-600x400.jpg 600w, https:\/\/www.kakuke.eu\/wp-content\/uploads\/2022\/10\/IMG_0704-300x200.jpg 300w, https:\/\/www.kakuke.eu\/wp-content\/uploads\/2022\/10\/IMG_0704-768x512.jpg 768w, https:\/\/www.kakuke.eu\/wp-content\/uploads\/2022\/10\/IMG_0704-1536x1024.jpg 1536w, https:\/\/www.kakuke.eu\/wp-content\/uploads\/2022\/10\/IMG_0704-2048x1365.jpg 2048w\" sizes=\"(max-width: 1024px) 100vw, 1024px\" \/>\t\t\t\t\t\t\t\t\t\t\t\t\t\t\t<\/div>\n\t\t\t\t<\/div>\n\t\t\t\t\t<\/div>\n\t\t<\/div>\n\t\t\t\t\t<\/div>\n\t\t<\/section>\n\t\t\t\t<\/div>","protected":false},"excerpt":{"rendered":"<p>Reeglid ja ohud Hoia ja austa loodust ning hoia end! \u00c4ra viska maha\/tiiki konisid, paberit jm prahti Pargis on t\u00f5eline elusloodus: siin v\u00f5id kohata s\u00e4\u00e4ski, mesilasi, herilasi, vapsikuid, puuke, nastikuid ja r\u00e4stikuid. Kasuta vastavaid putukate peletamise &#8220;l\u00f5hnavaid vahendeid&#8221; et ennast hoida putukahammustuste eest ning k\u00f5rges rohus k\u00e4ies vaata jalgeette. Pargis leidub vanu puid, mis suure [&hellip;]<\/p>\n","protected":false},"author":1,"featured_media":0,"parent":0,"menu_order":0,"comment_status":"closed","ping_status":"closed","template":"","meta":{"site-sidebar-layout":"no-sidebar","site-content-layout":"page-builder","ast-site-content-layout":"","site-content-style":"default","site-sidebar-style":"default","ast-global-header-display":"","ast-banner-title-visibility":"","ast-main-header-display":"","ast-hfb-above-header-display":"","ast-hfb-below-header-display":"","ast-hfb-mobile-header-display":"","site-post-title":"disabled","ast-breadcrumbs-content":"","ast-featured-img":"disabled","footer-sml-layout":"","theme-transparent-header-meta":"","adv-header-id-meta":"","stick-header-meta":"","header-above-stick-meta":"","header-main-stick-meta":"","header-below-stick-meta":"","astra-migrate-meta-layouts":"default","ast-page-background-enabled":"default","ast-page-background-meta":{"desktop":{"background-color":"","background-image":"","background-repeat":"repeat","background-position":"center center","background-size":"auto","background-attachment":"scroll","background-type":"","background-media":"","overlay-type":"","overlay-color":"","overlay-opacity":"","overlay-gradient":""},"tablet":{"background-color":"","background-image":"","background-repeat":"repeat","background-position":"center center","background-size":"auto","background-attachment":"scroll","background-type":"","background-media":"","overlay-type":"","overlay-color":"","overlay-opacity":"","overlay-gradient":""},"mobile":{"background-color":"","background-image":"","background-repeat":"repeat","background-position":"center center","background-size":"auto","background-attachment":"scroll","background-type":"","background-media":"","overlay-type":"","overlay-color":"","overlay-opacity":"","overlay-gradient":""}},"ast-content-background-meta":{"desktop":{"background-color":"var(--ast-global-color-5)","background-image":"","background-repeat":"repeat","background-position":"center center","background-size":"auto","background-attachment":"scroll","background-type":"","background-media":"","overlay-type":"","overlay-color":"","overlay-opacity":"","overlay-gradient":""},"tablet":{"background-color":"var(--ast-global-color-5)","background-image":"","background-repeat":"repeat","background-position":"center center","background-size":"auto","background-attachment":"scroll","background-type":"","background-media":"","overlay-type":"","overlay-color":"","overlay-opacity":"","overlay-gradient":""},"mobile":{"background-color":"var(--ast-global-color-5)","background-image":"","background-repeat":"repeat","background-position":"center center","background-size":"auto","background-attachment":"scroll","background-type":"","background-media":"","overlay-type":"","overlay-color":"","overlay-opacity":"","overlay-gradient":""}},"footnotes":""},"class_list":["post-689","page","type-page","status-publish","hentry"],"jetpack_sharing_enabled":true,"_links":{"self":[{"href":"https:\/\/www.kakuke.eu\/en\/wp-json\/wp\/v2\/pages\/689","targetHints":{"allow":["GET"]}}],"collection":[{"href":"https:\/\/www.kakuke.eu\/en\/wp-json\/wp\/v2\/pages"}],"about":[{"href":"https:\/\/www.kakuke.eu\/en\/wp-json\/wp\/v2\/types\/page"}],"author":[{"embeddable":true,"href":"https:\/\/www.kakuke.eu\/en\/wp-json\/wp\/v2\/users\/1"}],"replies":[{"embeddable":true,"href":"https:\/\/www.kakuke.eu\/en\/wp-json\/wp\/v2\/comments?post=689"}],"version-history":[{"count":5,"href":"https:\/\/www.kakuke.eu\/en\/wp-json\/wp\/v2\/pages\/689\/revisions"}],"predecessor-version":[{"id":771,"href":"https:\/\/www.kakuke.eu\/en\/wp-json\/wp\/v2\/pages\/689\/revisions\/771"}],"wp:attachment":[{"href":"https:\/\/www.kakuke.eu\/en\/wp-json\/wp\/v2\/media?parent=689"}],"curies":[{"name":"wp","href":"https:\/\/api.w.org\/{rel}","templated":true}]}}